{"id":138,"date":"2012-12-17T18:41:01","date_gmt":"2012-12-17T16:41:01","guid":{"rendered":"http:\/\/www.grundschule-heidgarten.de\/public_html\/?page_id=138"},"modified":"2026-02-18T13:02:16","modified_gmt":"2026-02-18T11:02:16","slug":"schulanfanger","status":"publish","type":"page","link":"https:\/\/www.grundschule-heidgarten.de\/public_html\/?page_id=138","title":{"rendered":"Schulanmeldung an der Grundschule Heidgarten f\u00fcr 2027\/28"},"content":{"rendered":"<p>Liebe Eltern und Erziehungsberechtigte,<\/p>\n<p>die <span style=\"color: #ff0000;\"><strong>Informationsveranstaltung<\/strong><\/span> f\u00fcr die Schulanmeldung f\u00fcr das <span style=\"color: #0000ff;\"><strong>Schuljahr 2027\/28\u00a0<\/strong><\/span>findet<br \/>\nam 12.M\u00e4rz<span style=\"color: #0000ff;\"><strong>\u00a02026<\/strong><\/span>\u00a0in der Schulaula um <span style=\"color: #0000ff;\"><strong>18:00 Uhr<\/strong><\/span> statt.<\/p>\n<p><strong>Sie k\u00f6nnen sich unter folgender Emailadresse f\u00fcr den Informationsabend anmelden:<\/strong><\/p>\n<p><span style=\"color: #000000;\"><strong>Email:<\/strong><\/span>\u00a0 \u00a0 \u00a0 \u00a0 \u00a0 \u00a0 \u00a0 \u00a0 \u00a0 \u00a0 \u00a0 \u00a0 <span style=\"color: #0000ff;\"><strong>\u00a0Heidgartenschule@Wolfsburg.de<\/strong><\/span>\u00a0 \u00a0 \u00a0 \u00a0 \u00a0 \u00a0 Telefon: 05363-976849<\/p>\n<p>Frau Busch &#8211; Schulsekret\u00e4rin<\/p>\n<p><strong><span style=\"color: #ff0000;\">Anmeldetage<\/span> f\u00fcr die Heidgartenschule sind:<\/strong><\/p>\n<p>Vom 4. bis zum 8. Mai 2026 in der Zeit von 08:00 Uhr bis 12:00 Uhr<\/p>\n<p>Mit freundlichen Gr\u00fc\u00dfen<\/p>\n<p>Michael Rodowsky<br \/>\nSchulrektor<\/p>\n<p><img loading=\"lazy\" decoding=\"async\" class=\"alignleft wp-image-4285\" src=\"https:\/\/www.grundschule-heidgarten.de\/public_html\/wp-content\/uploads\/Bunte-H\u00e4nde.jpg\" alt=\"\" width=\"833\" height=\"252\" srcset=\"https:\/\/www.grundschule-heidgarten.de\/public_html\/wp-content\/uploads\/Bunte-H\u00e4nde.jpg 490w, https:\/\/www.grundschule-heidgarten.de\/public_html\/wp-content\/uploads\/Bunte-H\u00e4nde-300x91.jpg 300w\" sizes=\"auto, (max-width: 833px) 100vw, 833px\" \/><\/p>\n<p>&nbsp;<\/p>\n<p>&nbsp;<\/p>\n<p>&nbsp;<\/p>\n<p>&nbsp;<\/p>\n<p>&nbsp;<\/p>\n<p>&nbsp;<\/p>\n<p>&nbsp;<\/p>\n<p>Liebe Eltern, wenn Sie Ihr Kind bei uns <span style=\"color: #ff0000;\"><strong>\u00a0anmelden m\u00f6chten<\/strong><\/span>, dann sind sie hierzu herzlichst eingeladen.\u00a0F\u00fcr interessierte Eltern und Kinder besteht\u00a0jederzeit die M\u00f6glichkeit, Einblicke in unser Schulleben zu erhalten und unser Schulgeb\u00e4ude n\u00e4her kennenzulernen. Vereinbaren Sie hierzu telefonisch einen <span style=\"color: #ff0000;\"><strong>Anmeldetermin<\/strong><\/span> unter folgender Rufnummer:<strong> 05363- 976840.<\/strong><\/p>\n<p><strong>\u00a0\u00a0\u00a0\u00a0\u00a0\u00a0\u00a0\u00a0\u00a0\u00a0\u00a0\u00a0\u00a0\u00a0\u00a0\u00a0\u00a0\u00a0\u00a0\u00a0Das Heidgartenteam freut sich auf Ihren Besuch !<\/strong><\/p>\n<p><img loading=\"lazy\" decoding=\"async\" class=\"alignleft size-full wp-image-3837\" src=\"https:\/\/www.grundschule-heidgarten.de\/public_html\/wp-content\/uploads\/DSC04908.jpg\" alt=\"\" width=\"1224\" height=\"688\" srcset=\"https:\/\/www.grundschule-heidgarten.de\/public_html\/wp-content\/uploads\/DSC04908.jpg 1224w, https:\/\/www.grundschule-heidgarten.de\/public_html\/wp-content\/uploads\/DSC04908-300x169.jpg 300w, https:\/\/www.grundschule-heidgarten.de\/public_html\/wp-content\/uploads\/DSC04908-768x432.jpg 768w, https:\/\/www.grundschule-heidgarten.de\/public_html\/wp-content\/uploads\/DSC04908-1024x576.jpg 1024w\" sizes=\"auto, (max-width: 1224px) 100vw, 1224px\" \/><\/p>\n<p>&nbsp;<\/p>\n<p>&nbsp;<\/p>\n<p>&nbsp;<\/p>\n<p>&nbsp;<\/p>\n<p>&nbsp;<\/p>\n<p>&nbsp;<\/p>\n<p>&nbsp;<\/p>\n<p>&nbsp;<\/p>\n<p>&nbsp;<\/p>\n<p>&nbsp;<\/p>\n<p>&nbsp;<\/p>\n<p>&nbsp;<\/p>\n<p>&nbsp;<\/p>\n<p>&nbsp;<\/p>\n<p>&nbsp;<\/p>\n<p>&nbsp;<\/p>\n<p>&nbsp;<\/p>\n<p>&nbsp;<\/p>\n<p style=\"text-align: center;\"><strong>Einschulungsfeier in der Heidgartenschule:<\/strong><\/p>\n<p><img loading=\"lazy\" decoding=\"async\" class=\"alignleft size-full wp-image-4587\" src=\"https:\/\/www.grundschule-heidgarten.de\/public_html\/wp-content\/uploads\/2018-Bilder-200.jpg\" alt=\"\" width=\"612\" height=\"344\" srcset=\"https:\/\/www.grundschule-heidgarten.de\/public_html\/wp-content\/uploads\/2018-Bilder-200.jpg 612w, https:\/\/www.grundschule-heidgarten.de\/public_html\/wp-content\/uploads\/2018-Bilder-200-300x169.jpg 300w\" sizes=\"auto, (max-width: 612px) 100vw, 612px\" \/><\/p>\n<p>&nbsp;<\/p>\n<p>&nbsp;<\/p>\n<p><strong>\u00a0<\/strong><\/p>\n","protected":false},"excerpt":{"rendered":"<p>Liebe Eltern und Erziehungsberechtigte, die Informationsveranstaltung f\u00fcr die Schulanmeldung f\u00fcr das Schuljahr 2027\/28\u00a0findet am 12.M\u00e4rz\u00a02026\u00a0in der Schulaula um 18:00 Uhr statt. Sie k\u00f6nnen sich unter folgender Emailadresse f\u00fcr den Informationsabend anmelden: Email:\u00a0 \u00a0 \u00a0 \u00a0 \u00a0 \u00a0 \u00a0 \u00a0 \u00a0 \u00a0 \u00a0 \u00a0 \u00a0Heidgartenschule@Wolfsburg.de\u00a0 \u00a0 \u00a0 \u00a0 \u00a0 \u00a0 Telefon: <span class=\"ellipsis\">&hellip;<\/span> <span class=\"more-link-wrap\"><a href=\"https:\/\/www.grundschule-heidgarten.de\/public_html\/?page_id=138\" class=\"more-link\"><span>Read more &rarr;<\/span><\/a><\/span><\/p>\n","protected":false},"author":21,"featured_media":0,"parent":2,"menu_order":3,"comment_status":"closed","ping_status":"closed","template":"","meta":{"footnotes":""},"class_list":["post-138","page","type-page","status-publish","hentry"],"_links":{"self":[{"href":"https:\/\/www.grundschule-heidgarten.de\/public_html\/index.php?rest_route=\/wp\/v2\/pages\/138","targetHints":{"allow":["GET"]}}],"collection":[{"href":"https:\/\/www.grundschule-heidgarten.de\/public_html\/index.php?rest_route=\/wp\/v2\/pages"}],"about":[{"href":"https:\/\/www.grundschule-heidgarten.de\/public_html\/index.php?rest_route=\/wp\/v2\/types\/page"}],"author":[{"embeddable":true,"href":"https:\/\/www.grundschule-heidgarten.de\/public_html\/index.php?rest_route=\/wp\/v2\/users\/21"}],"replies":[{"embeddable":true,"href":"https:\/\/www.grundschule-heidgarten.de\/public_html\/index.php?rest_route=%2Fwp%2Fv2%2Fcomments&post=138"}],"version-history":[{"count":75,"href":"https:\/\/www.grundschule-heidgarten.de\/public_html\/index.php?rest_route=\/wp\/v2\/pages\/138\/revisions"}],"predecessor-version":[{"id":2158,"href":"https:\/\/www.grundschule-heidgarten.de\/public_html\/index.php?rest_route=\/wp\/v2\/pages\/138\/revisions\/2158"}],"up":[{"embeddable":true,"href":"https:\/\/www.grundschule-heidgarten.de\/public_html\/index.php?rest_route=\/wp\/v2\/pages\/2"}],"wp:attachment":[{"href":"https:\/\/www.grundschule-heidgarten.de\/public_html\/index.php?rest_route=%2Fwp%2Fv2%2Fmedia&parent=138"}],"curies":[{"name":"wp","href":"https:\/\/api.w.org\/{rel}","templated":true}]}}