{"id":142,"date":"2012-12-17T18:42:14","date_gmt":"2012-12-17T16:42:14","guid":{"rendered":"http:\/\/www.grundschule-heidgarten.de\/public_html\/?page_id=142"},"modified":"2019-10-17T15:12:44","modified_gmt":"2019-10-17T13:12:44","slug":"russische-herkunftssprache","status":"publish","type":"page","link":"https:\/\/www.grundschule-heidgarten.de\/public_html\/?page_id=142","title":{"rendered":"Russische Herkunftssprache"},"content":{"rendered":"<p><strong>Russischunterricht f\u00fcr Grundsch\u00fcler<\/strong><br \/>\n<img loading=\"lazy\" decoding=\"async\" class=\"alignnone size-full wp-image-346\" src=\"wp-content\/uploads\/russisch.jpg\" alt=\"russisch\" width=\"567\" height=\"427\" srcset=\"https:\/\/www.grundschule-heidgarten.de\/public_html\/wp-content\/uploads\/russisch.jpg 567w, https:\/\/www.grundschule-heidgarten.de\/public_html\/wp-content\/uploads\/russisch-300x225.jpg 300w\" sizes=\"auto, (max-width: 567px) 100vw, 567px\" \/><br \/>\nSeit Sommer 2012 bieten wir in unserer Schule das Wahlfach \u00bbRussische Herkunftssprache\u00ab an. Der Unterricht wird durchg\u00e4ngig in allen Klassenstufen mit einer Wochenstunde erteilt. Damit k\u00f6nnen wir den Wunsch vieler Eltern erf\u00fcllen, die auf die Pflege der russischen Sprache und Kultur besonderen Wert legen.\u00a0Dieses Angebot ist besonders f\u00fcr Kinder interessant, die das Fach \u00bbRussisch\u00ab in der Sekundarstufe als zweite Fremdsprache w\u00e4hlen m\u00f6chten.<\/p>\n<p>Die Heidgartenschule geh\u00f6rt zu den wenigen Wolfsburger Grundschulen mit Russischangebot.<\/p>\n<p>Fachlehrerin: Frau Vilma Geisler<\/p>\n<p><img loading=\"lazy\" decoding=\"async\" class=\"alignleft size-full wp-image-4801\" src=\"https:\/\/www.grundschule-heidgarten.de\/public_html\/wp-content\/uploads\/GI1028-1183.jpg\" alt=\"\" width=\"2981\" height=\"2080\" srcset=\"https:\/\/www.grundschule-heidgarten.de\/public_html\/wp-content\/uploads\/GI1028-1183.jpg 2981w, https:\/\/www.grundschule-heidgarten.de\/public_html\/wp-content\/uploads\/GI1028-1183-300x209.jpg 300w, https:\/\/www.grundschule-heidgarten.de\/public_html\/wp-content\/uploads\/GI1028-1183-768x536.jpg 768w, https:\/\/www.grundschule-heidgarten.de\/public_html\/wp-content\/uploads\/GI1028-1183-1024x714.jpg 1024w\" sizes=\"auto, (max-width: 2981px) 100vw, 2981px\" \/><\/p>\n","protected":false},"excerpt":{"rendered":"<p>Russischunterricht f\u00fcr Grundsch\u00fcler Seit Sommer 2012 bieten wir in unserer Schule das Wahlfach \u00bbRussische Herkunftssprache\u00ab an. Der Unterricht wird durchg\u00e4ngig in allen Klassenstufen mit einer Wochenstunde erteilt. Damit k\u00f6nnen wir den Wunsch vieler Eltern erf\u00fcllen, die auf die Pflege der russischen Sprache und Kultur besonderen Wert legen.\u00a0Dieses Angebot ist besonders <span class=\"ellipsis\">&hellip;<\/span> <span class=\"more-link-wrap\"><a href=\"https:\/\/www.grundschule-heidgarten.de\/public_html\/?page_id=142\" class=\"more-link\"><span>Read more &rarr;<\/span><\/a><\/span><\/p>\n","protected":false},"author":21,"featured_media":0,"parent":2,"menu_order":6,"comment_status":"closed","ping_status":"closed","template":"","meta":{"footnotes":""},"class_list":["post-142","page","type-page","status-publish","hentry"],"_links":{"self":[{"href":"https:\/\/www.grundschule-heidgarten.de\/public_html\/index.php?rest_route=\/wp\/v2\/pages\/142","targetHints":{"allow":["GET"]}}],"collection":[{"href":"https:\/\/www.grundschule-heidgarten.de\/public_html\/index.php?rest_route=\/wp\/v2\/pages"}],"about":[{"href":"https:\/\/www.grundschule-heidgarten.de\/public_html\/index.php?rest_route=\/wp\/v2\/types\/page"}],"author":[{"embeddable":true,"href":"https:\/\/www.grundschule-heidgarten.de\/public_html\/index.php?rest_route=\/wp\/v2\/users\/21"}],"replies":[{"embeddable":true,"href":"https:\/\/www.grundschule-heidgarten.de\/public_html\/index.php?rest_route=%2Fwp%2Fv2%2Fcomments&post=142"}],"version-history":[{"count":12,"href":"https:\/\/www.grundschule-heidgarten.de\/public_html\/index.php?rest_route=\/wp\/v2\/pages\/142\/revisions"}],"predecessor-version":[{"id":4802,"href":"https:\/\/www.grundschule-heidgarten.de\/public_html\/index.php?rest_route=\/wp\/v2\/pages\/142\/revisions\/4802"}],"up":[{"embeddable":true,"href":"https:\/\/www.grundschule-heidgarten.de\/public_html\/index.php?rest_route=\/wp\/v2\/pages\/2"}],"wp:attachment":[{"href":"https:\/\/www.grundschule-heidgarten.de\/public_html\/index.php?rest_route=%2Fwp%2Fv2%2Fmedia&parent=142"}],"curies":[{"name":"wp","href":"https:\/\/api.w.org\/{rel}","templated":true}]}}