{"id":172,"date":"2012-12-17T18:50:06","date_gmt":"2012-12-17T16:50:06","guid":{"rendered":"http:\/\/www.grundschule-heidgarten.de\/public_html\/?page_id=172"},"modified":"2013-11-26T16:45:00","modified_gmt":"2013-11-26T14:45:00","slug":"schulerbucherei","status":"publish","type":"page","link":"https:\/\/www.grundschule-heidgarten.de\/public_html\/?page_id=172","title":{"rendered":"Sch\u00fclerb\u00fccherei"},"content":{"rendered":"<p>Die <strong>B\u00fccherei<\/strong> ist immer Dienstag, Mittwoch und Donnerstag in der 3. Pause von 11:00 \u2013 11:15 Uhr f\u00fcr alle Sch\u00fcler ge\u00f6ffnet.<\/p>\n<p>&nbsp;<\/p>\n<p><b><span style=\"text-decoration: underline;\">A<\/span><\/b><b><span style=\"text-decoration: underline;\">ntolin<\/span><\/b><b> &#8211; Mit Lesen punkten<\/b><\/p>\n<p>Antolin ist eine web-basierte Plattform f\u00fcr die Lesef\u00f6rderung. Oder anders formuliert: Antolin ist das Buchportal f\u00fcr Sch\u00fcler\/ -innen von der ersten bis zur zehnten Klasse!<br \/>\nHier w\u00e4hlen Sch\u00fcler\/-innen eigenst\u00e4ndig Buchtitel aus, die sie bereits gelesen haben oder noch lesen m\u00f6chten. Nach dem Lesen beantworten sie dann mit Hilfe von Antolin Fragen zu dem jeweiligen Buch.<br \/>\nAuf diese Weise f\u00f6rdert Antolin das sinnentnehmende Lesen und motiviert die Sch\u00fcler\/-innen, sich mit den Inhalten der gelesenen Werke<br \/>\nauseinander zu setzen. Dadurch unterst\u00fctzt<br \/>\nAntolin die selbstbestimmte Entwicklung der eigenen Leseidentit\u00e4t.<\/p>\n<p><b>Unsere Schule beteiligt sich mit einer Schullizenz an diesem Lesef\u00f6rderprogramm.\u00a0<\/b><\/p>\n","protected":false},"excerpt":{"rendered":"<p>Die B\u00fccherei ist immer Dienstag, Mittwoch und Donnerstag in der 3. Pause von 11:00 \u2013 11:15 Uhr f\u00fcr alle Sch\u00fcler ge\u00f6ffnet. &nbsp; Antolin &#8211; Mit Lesen punkten Antolin ist eine web-basierte Plattform f\u00fcr die Lesef\u00f6rderung. Oder anders formuliert: Antolin ist das Buchportal f\u00fcr Sch\u00fcler\/ -innen von der ersten bis zur <span class=\"ellipsis\">&hellip;<\/span> <span class=\"more-link-wrap\"><a href=\"https:\/\/www.grundschule-heidgarten.de\/public_html\/?page_id=172\" class=\"more-link\"><span>Read more &rarr;<\/span><\/a><\/span><\/p>\n","protected":false},"author":21,"featured_media":0,"parent":31,"menu_order":6,"comment_status":"closed","ping_status":"closed","template":"","meta":{"footnotes":""},"class_list":["post-172","page","type-page","status-publish","hentry"],"_links":{"self":[{"href":"https:\/\/www.grundschule-heidgarten.de\/public_html\/index.php?rest_route=\/wp\/v2\/pages\/172","targetHints":{"allow":["GET"]}}],"collection":[{"href":"https:\/\/www.grundschule-heidgarten.de\/public_html\/index.php?rest_route=\/wp\/v2\/pages"}],"about":[{"href":"https:\/\/www.grundschule-heidgarten.de\/public_html\/index.php?rest_route=\/wp\/v2\/types\/page"}],"author":[{"embeddable":true,"href":"https:\/\/www.grundschule-heidgarten.de\/public_html\/index.php?rest_route=\/wp\/v2\/users\/21"}],"replies":[{"embeddable":true,"href":"https:\/\/www.grundschule-heidgarten.de\/public_html\/index.php?rest_route=%2Fwp%2Fv2%2Fcomments&post=172"}],"version-history":[{"count":6,"href":"https:\/\/www.grundschule-heidgarten.de\/public_html\/index.php?rest_route=\/wp\/v2\/pages\/172\/revisions"}],"predecessor-version":[{"id":760,"href":"https:\/\/www.grundschule-heidgarten.de\/public_html\/index.php?rest_route=\/wp\/v2\/pages\/172\/revisions\/760"}],"up":[{"embeddable":true,"href":"https:\/\/www.grundschule-heidgarten.de\/public_html\/index.php?rest_route=\/wp\/v2\/pages\/31"}],"wp:attachment":[{"href":"https:\/\/www.grundschule-heidgarten.de\/public_html\/index.php?rest_route=%2Fwp%2Fv2%2Fmedia&parent=172"}],"curies":[{"name":"wp","href":"https:\/\/api.w.org\/{rel}","templated":true}]}}