{"id":182,"date":"2012-12-17T18:52:58","date_gmt":"2012-12-17T16:52:58","guid":{"rendered":"http:\/\/www.grundschule-heidgarten.de\/public_html\/?page_id=182"},"modified":"2020-11-12T12:21:16","modified_gmt":"2020-11-12T10:21:16","slug":"mittagsverpflegung","status":"publish","type":"page","link":"https:\/\/www.grundschule-heidgarten.de\/public_html\/?page_id=182","title":{"rendered":"P\u00e4dagogisches Mittagessen"},"content":{"rendered":"<p><a href=\"https:\/\/www.grundschule-heidgarten.de\/public_html\/wp-content\/uploads\/PSX_20201112_091151k.jpg\"><img loading=\"lazy\" decoding=\"async\" class=\"alignnone wp-image-5436\" src=\"https:\/\/www.grundschule-heidgarten.de\/public_html\/wp-content\/uploads\/PSX_20201112_091151k-300x186.jpg\" alt=\"\" width=\"161\" height=\"100\" srcset=\"https:\/\/www.grundschule-heidgarten.de\/public_html\/wp-content\/uploads\/PSX_20201112_091151k-300x186.jpg 300w, https:\/\/www.grundschule-heidgarten.de\/public_html\/wp-content\/uploads\/PSX_20201112_091151k.jpg 448w\" sizes=\"auto, (max-width: 161px) 100vw, 161px\" \/><\/a><a href=\"https:\/\/www.grundschule-heidgarten.de\/public_html\/wp-content\/uploads\/20190909_141531k.jpg\">\u00a0\u00a0 <\/a><a href=\"https:\/\/www.grundschule-heidgarten.de\/public_html\/wp-content\/uploads\/20190909_141531k.jpg\"><img loading=\"lazy\" decoding=\"async\" class=\"alignnone wp-image-5434\" src=\"https:\/\/www.grundschule-heidgarten.de\/public_html\/wp-content\/uploads\/20190909_141531k-300x146.jpg\" alt=\"\" width=\"203\" height=\"99\" srcset=\"https:\/\/www.grundschule-heidgarten.de\/public_html\/wp-content\/uploads\/20190909_141531k-300x146.jpg 300w, https:\/\/www.grundschule-heidgarten.de\/public_html\/wp-content\/uploads\/20190909_141531k.jpg 448w\" sizes=\"auto, (max-width: 203px) 100vw, 203px\" \/><\/a><a href=\"https:\/\/www.grundschule-heidgarten.de\/public_html\/wp-content\/uploads\/20190909_141531k.jpg\"> \u00a0 <\/a><a href=\"https:\/\/www.grundschule-heidgarten.de\/public_html\/wp-content\/uploads\/PSX_20201112_091115k.jpg\"><img loading=\"lazy\" decoding=\"async\" class=\"alignnone wp-image-5435\" src=\"https:\/\/www.grundschule-heidgarten.de\/public_html\/wp-content\/uploads\/PSX_20201112_091115k-300x204.jpg\" alt=\"\" width=\"146\" height=\"99\" srcset=\"https:\/\/www.grundschule-heidgarten.de\/public_html\/wp-content\/uploads\/PSX_20201112_091115k-300x204.jpg 300w, https:\/\/www.grundschule-heidgarten.de\/public_html\/wp-content\/uploads\/PSX_20201112_091115k.jpg 448w\" sizes=\"auto, (max-width: 146px) 100vw, 146px\" \/><\/a><\/p>\n<p><strong>Maria Montessori: \u00bbHilf\u00b4 mir, es selbst zu tun!\u00ab<\/strong><\/p>\n<p>Das p\u00e4dagogische Mittagessen findet in einer familien\u00e4hnlichen Atmosph\u00e4re statt, die die Kinder in ihren Gespr\u00e4chsbed\u00fcrfnissen p\u00e4dagogisch wahrnimmt und unterst\u00fctzt. Durch die klein gehaltenen Tischgruppen und das Wirken der Fachkr\u00e4fte entwickelt sich eine Gespr\u00e4chs- und Tischkultur, wie sie \u00e4hnlich in Familien stattfindet. Dazu geh\u00f6ren:<\/p>\n<ul>\n<li>Die Kinder erfinden einen gemeinsamen Tischnamen indem das WIR-Gef\u00fchl gest\u00e4rkt wird. Wie f\u00fchle ich mich wenn es mir gut geht: Stark, mutig, cool usw.<\/li>\n<li>Ein gemeinsamer Beginn durch ein Gedicht oder einen Tischspruch<\/li>\n<li>Jeder Tisch \u00fcbernimmt f\u00fcr eine Woche unterschiedliche Aufgaben. Dazu geh\u00f6ren die Tagesbegr\u00fc\u00dfung, der Kartendienst, der Kannendienst und der Rausgehplan<\/li>\n<li>Die Kinder f\u00fchlen sich f\u00fcr das Abr\u00e4umen des Geschirrs verantwortlich<\/li>\n<li>Das Verlassen des Raumes zur \u00bbBEWEWEGTEN PAUSE\u00ab gestalten wir spielerisch<\/li>\n<\/ul>\n<p>In unserer allt\u00e4glichen Arbeit mit den Kindern steht das Benennen, Ausdr\u00fccken und Verstehen von Gef\u00fchlen in einem wichtigen Austausch zu einander.<\/p>\n<p>&nbsp;<\/p>\n<p style=\"text-align: left;\"><a href=\"https:\/\/www.grundschule-heidgarten.de\/public_html\/wp-content\/uploads\/20201112_103931k.jpg\"><img loading=\"lazy\" decoding=\"async\" class=\"wp-image-5440 alignleft\" src=\"https:\/\/www.grundschule-heidgarten.de\/public_html\/wp-content\/uploads\/20201112_103931k-183x300.jpg\" alt=\"\" width=\"173\" height=\"284\" srcset=\"https:\/\/www.grundschule-heidgarten.de\/public_html\/wp-content\/uploads\/20201112_103931k-183x300.jpg 183w, https:\/\/www.grundschule-heidgarten.de\/public_html\/wp-content\/uploads\/20201112_103931k.jpg 218w\" sizes=\"auto, (max-width: 173px) 100vw, 173px\" \/> <\/a><\/p>\n<p style=\"text-align: left;\"><strong><em>Die Meise<\/em><\/strong><\/p>\n<p style=\"text-align: left;\"><em>Zauberhafte kleine Meise,<\/em><\/p>\n<p style=\"text-align: left;\"><em>Lass dich doch von nah besehen.<\/em><\/p>\n<p style=\"text-align: left;\"><em>Ich verhalt mich auch ganz leise,<\/em><\/p>\n<p style=\"text-align: left;\"><em>will auf Zehenspitzen gehen<\/em><\/p>\n<p style=\"text-align: left;\"><em>um dich nur nicht zu erschrecken.<\/em><\/p>\n<p style=\"text-align: left;\"><em>Da &#8211; ein Knacken unterm Schuh,<\/em><\/p>\n<p style=\"text-align: left;\"><em>eins, zwei, drei und fort bist du.<\/em><\/p>\n<p style=\"text-align: left;\"><em>Kann dich nirgends mehr entdecken.\u00a0\u00a0\u00a0\u00a0\u00a0\u00a0\u00a0\u00a0\u00a0 \u00a0 \u00a0 \u00a0 \u00a0 \u00a0 \u00a0\u00a0\u00a0 (Autor unbekannt)<\/em><\/p>\n<p>&nbsp;<\/p>\n<p style=\"text-align: left;\">\n","protected":false},"excerpt":{"rendered":"<p>\u00a0\u00a0 \u00a0 Maria Montessori: \u00bbHilf\u00b4 mir, es selbst zu tun!\u00ab Das p\u00e4dagogische Mittagessen findet in einer familien\u00e4hnlichen Atmosph\u00e4re statt, die die Kinder in ihren Gespr\u00e4chsbed\u00fcrfnissen p\u00e4dagogisch wahrnimmt und unterst\u00fctzt. Durch die klein gehaltenen Tischgruppen und das Wirken der Fachkr\u00e4fte entwickelt sich eine Gespr\u00e4chs- und Tischkultur, wie sie \u00e4hnlich in Familien <span class=\"ellipsis\">&hellip;<\/span> <span class=\"more-link-wrap\"><a href=\"https:\/\/www.grundschule-heidgarten.de\/public_html\/?page_id=182\" class=\"more-link\"><span>Read more &rarr;<\/span><\/a><\/span><\/p>\n","protected":false},"author":21,"featured_media":0,"parent":24,"menu_order":3,"comment_status":"closed","ping_status":"closed","template":"","meta":{"footnotes":""},"class_list":["post-182","page","type-page","status-publish","hentry"],"_links":{"self":[{"href":"https:\/\/www.grundschule-heidgarten.de\/public_html\/index.php?rest_route=\/wp\/v2\/pages\/182","targetHints":{"allow":["GET"]}}],"collection":[{"href":"https:\/\/www.grundschule-heidgarten.de\/public_html\/index.php?rest_route=\/wp\/v2\/pages"}],"about":[{"href":"https:\/\/www.grundschule-heidgarten.de\/public_html\/index.php?rest_route=\/wp\/v2\/types\/page"}],"author":[{"embeddable":true,"href":"https:\/\/www.grundschule-heidgarten.de\/public_html\/index.php?rest_route=\/wp\/v2\/users\/21"}],"replies":[{"embeddable":true,"href":"https:\/\/www.grundschule-heidgarten.de\/public_html\/index.php?rest_route=%2Fwp%2Fv2%2Fcomments&post=182"}],"version-history":[{"count":49,"href":"https:\/\/www.grundschule-heidgarten.de\/public_html\/index.php?rest_route=\/wp\/v2\/pages\/182\/revisions"}],"predecessor-version":[{"id":5442,"href":"https:\/\/www.grundschule-heidgarten.de\/public_html\/index.php?rest_route=\/wp\/v2\/pages\/182\/revisions\/5442"}],"up":[{"embeddable":true,"href":"https:\/\/www.grundschule-heidgarten.de\/public_html\/index.php?rest_route=\/wp\/v2\/pages\/24"}],"wp:attachment":[{"href":"https:\/\/www.grundschule-heidgarten.de\/public_html\/index.php?rest_route=%2Fwp%2Fv2%2Fmedia&parent=182"}],"curies":[{"name":"wp","href":"https:\/\/api.w.org\/{rel}","templated":true}]}}