{"id":186,"date":"2012-12-17T18:54:14","date_gmt":"2012-12-17T16:54:14","guid":{"rendered":"http:\/\/www.grundschule-heidgarten.de\/public_html\/?page_id=186"},"modified":"2020-11-16T12:00:37","modified_gmt":"2020-11-16T10:00:37","slug":"selbstbestimmtes-spielen-lernen","status":"publish","type":"page","link":"https:\/\/www.grundschule-heidgarten.de\/public_html\/?page_id=186","title":{"rendered":"Selbstbestimmtes Spielen &#038; Lernen"},"content":{"rendered":"<p><a href=\"https:\/\/www.grundschule-heidgarten.de\/public_html\/wp-content\/uploads\/20190625_143914k.jpg\"><img loading=\"lazy\" decoding=\"async\" class=\"alignnone wp-image-5455\" src=\"https:\/\/www.grundschule-heidgarten.de\/public_html\/wp-content\/uploads\/20190625_143914k.jpg\" alt=\"\" width=\"185\" height=\"146\" \/><\/a>\u00a0 \u00a0 <a href=\"https:\/\/www.grundschule-heidgarten.de\/public_html\/wp-content\/uploads\/20190625_143238k.jpg\"><img loading=\"lazy\" decoding=\"async\" class=\"alignnone wp-image-5448\" src=\"https:\/\/www.grundschule-heidgarten.de\/public_html\/wp-content\/uploads\/20190625_143238k-165x300.jpg\" alt=\"\" width=\"80\" height=\"145\" srcset=\"https:\/\/www.grundschule-heidgarten.de\/public_html\/wp-content\/uploads\/20190625_143238k-165x300.jpg 165w, https:\/\/www.grundschule-heidgarten.de\/public_html\/wp-content\/uploads\/20190625_143238k.jpg 172w\" sizes=\"auto, (max-width: 80px) 100vw, 80px\" \/><\/a> \u00a0\u00a0 <a href=\"https:\/\/www.grundschule-heidgarten.de\/public_html\/wp-content\/uploads\/20190625_143901k.jpg\"><img loading=\"lazy\" decoding=\"async\" class=\"alignnone wp-image-5449\" src=\"https:\/\/www.grundschule-heidgarten.de\/public_html\/wp-content\/uploads\/20190625_143901k.jpg\" alt=\"\" width=\"185\" height=\"144\" \/><\/a><\/p>\n<p>In der Zeit von 15.00 \u2013 17.00 Uhr haben die Sch\u00fcler\/innen die M\u00f6glichkeit zwischen dem <strong>\u00bbSelbstbestimmten Spielen und Lernen\u00ab<\/strong> und den Arbeitsgemeinschaften zu w\u00e4hlen.<\/p>\n<ul>\n<li>Wir er\u00f6ffnen mit dem Angebot des <strong>\u00bbSelbstbestimmten Spielens und Lernens\u00ab<\/strong> einen interessanten und vielf\u00e4ltigen Spiel- und Erfahrungsraum, d. h. dass die Sch\u00fcler\/innen die Wahl haben, sich aktiv mit Angeboten und Aktionen zu den unterschiedlichsten Themen, z. B. Jahreszeiten, Umwelt, Kochen, Natur auseinanderzusetzen, sie zu verstehen und selbst zu gestalten.<\/li>\n<\/ul>\n<ul>\n<li>Wir praktizieren w\u00e4hrend des <strong>\u00bbSelbstbestimmten Spielens und Lernens\u00ab<\/strong> das Prinzip der Selbst- und Mitbestimmung. Die Sch\u00fcler\/innen entscheiden selbst, mit wem und wie sie sich besch\u00e4ftigen wollen.<\/li>\n<\/ul>\n<ul>\n<li>Vielf\u00e4ltige Spiel-, Arbeitsmaterialien und Werkzeuge sind in der Schule, auf dem Au\u00dfengel\u00e4nde der Schule und auf dem Abenteuerspielplatz Buntspecht f\u00fcr die Ganztagssch\u00fcler\/innen vorhanden.<\/li>\n<\/ul>\n<ul>\n<li>Teilweise arbeiten wir in Anlehnung an die <a title=\"Montessori P\u00e4dagogik\" href=\"?page_id=533\">Montessori P\u00e4dagogik<\/a>. Es stehen f\u00fcr die unterschiedlichen Bereiche Montessori-Materialien zur Verf\u00fcgung.<\/li>\n<\/ul>\n<ul>\n<li>Unser Ziel ist es, Bildungsprozesse (bilden \u2013 entbilden \u2013 fortbilden) in Gang zu halten. Dies bedeutet, Gelerntes zu erleben, zu hinterfragen und gegebenenfalls zu ver\u00e4ndern und neu zu gestalten.<\/li>\n<\/ul>\n<p>&nbsp;<\/p>\n<p><a href=\"https:\/\/www.grundschule-heidgarten.de\/public_html\/wp-content\/uploads\/20190926_153304k.jpg\"><img loading=\"lazy\" decoding=\"async\" class=\"alignnone  wp-image-5458\" src=\"https:\/\/www.grundschule-heidgarten.de\/public_html\/wp-content\/uploads\/20190926_153304k-300x169.jpg\" alt=\"\" width=\"198\" height=\"112\" srcset=\"https:\/\/www.grundschule-heidgarten.de\/public_html\/wp-content\/uploads\/20190926_153304k-300x169.jpg 300w, https:\/\/www.grundschule-heidgarten.de\/public_html\/wp-content\/uploads\/20190926_153304k.jpg 369w\" sizes=\"auto, (max-width: 198px) 100vw, 198px\" \/><\/a> \u00a0 <a href=\"https:\/\/www.grundschule-heidgarten.de\/public_html\/wp-content\/uploads\/20190926_153038k.jpg\"><img loading=\"lazy\" decoding=\"async\" class=\"alignnone  wp-image-5457\" src=\"https:\/\/www.grundschule-heidgarten.de\/public_html\/wp-content\/uploads\/20190926_153038k-300x186.jpg\" alt=\"\" width=\"179\" height=\"111\" srcset=\"https:\/\/www.grundschule-heidgarten.de\/public_html\/wp-content\/uploads\/20190926_153038k-300x186.jpg 300w, https:\/\/www.grundschule-heidgarten.de\/public_html\/wp-content\/uploads\/20190926_153038k.jpg 352w\" sizes=\"auto, (max-width: 179px) 100vw, 179px\" \/><\/a> \u00a0 <a href=\"https:\/\/www.grundschule-heidgarten.de\/public_html\/wp-content\/uploads\/20190926_153501k.jpg\"><img loading=\"lazy\" decoding=\"async\" class=\"alignnone  wp-image-5459\" src=\"https:\/\/www.grundschule-heidgarten.de\/public_html\/wp-content\/uploads\/20190926_153501k-276x300.jpg\" alt=\"\" width=\"103\" height=\"112\" srcset=\"https:\/\/www.grundschule-heidgarten.de\/public_html\/wp-content\/uploads\/20190926_153501k-276x300.jpg 276w, https:\/\/www.grundschule-heidgarten.de\/public_html\/wp-content\/uploads\/20190926_153501k.jpg 316w\" sizes=\"auto, (max-width: 103px) 100vw, 103px\" \/><\/a><\/p>\n<p><strong>&#8230; mit dem Staunen f\u00e4ngt es an &#8230;<\/strong> (Hermann Hesse)<\/p>\n<p>Spielzeug selbstgemacht<\/p>\n<p>Im selbstbestimmten Spielen und Lernen k\u00f6nnen die Kinder Spielzeug selbst herstellen. Ausgangspunkt war hierf\u00fcr das Interesse an Beyblades. Die Kinder haben ihre eigenen Beyblades (Kreisel) gebaut und staunten nicht schlecht als diese super funktionierten. Daraus ergaben sich ganze Turniere mit eigenen Regeln. Auch andere Spiele, wie Mikado, Memory oder M\u00fchle sind der Renner. Im \u00dcbrigen: Selbstgemachtes Spielzeug wird geh\u00fctet, damit es nicht kaputt geht.<\/p>\n<p>&nbsp;<\/p>\n","protected":false},"excerpt":{"rendered":"<p>\u00a0 \u00a0 \u00a0\u00a0 In der Zeit von 15.00 \u2013 17.00 Uhr haben die Sch\u00fcler\/innen die M\u00f6glichkeit zwischen dem \u00bbSelbstbestimmten Spielen und Lernen\u00ab und den Arbeitsgemeinschaften zu w\u00e4hlen. Wir er\u00f6ffnen mit dem Angebot des \u00bbSelbstbestimmten Spielens und Lernens\u00ab einen interessanten und vielf\u00e4ltigen Spiel- und Erfahrungsraum, d. h. dass die Sch\u00fcler\/innen die <span class=\"ellipsis\">&hellip;<\/span> <span class=\"more-link-wrap\"><a href=\"https:\/\/www.grundschule-heidgarten.de\/public_html\/?page_id=186\" class=\"more-link\"><span>Read more &rarr;<\/span><\/a><\/span><\/p>\n","protected":false},"author":21,"featured_media":0,"parent":24,"menu_order":6,"comment_status":"closed","ping_status":"closed","template":"","meta":{"footnotes":""},"class_list":["post-186","page","type-page","status-publish","hentry"],"_links":{"self":[{"href":"https:\/\/www.grundschule-heidgarten.de\/public_html\/index.php?rest_route=\/wp\/v2\/pages\/186","targetHints":{"allow":["GET"]}}],"collection":[{"href":"https:\/\/www.grundschule-heidgarten.de\/public_html\/index.php?rest_route=\/wp\/v2\/pages"}],"about":[{"href":"https:\/\/www.grundschule-heidgarten.de\/public_html\/index.php?rest_route=\/wp\/v2\/types\/page"}],"author":[{"embeddable":true,"href":"https:\/\/www.grundschule-heidgarten.de\/public_html\/index.php?rest_route=\/wp\/v2\/users\/21"}],"replies":[{"embeddable":true,"href":"https:\/\/www.grundschule-heidgarten.de\/public_html\/index.php?rest_route=%2Fwp%2Fv2%2Fcomments&post=186"}],"version-history":[{"count":26,"href":"https:\/\/www.grundschule-heidgarten.de\/public_html\/index.php?rest_route=\/wp\/v2\/pages\/186\/revisions"}],"predecessor-version":[{"id":5460,"href":"https:\/\/www.grundschule-heidgarten.de\/public_html\/index.php?rest_route=\/wp\/v2\/pages\/186\/revisions\/5460"}],"up":[{"embeddable":true,"href":"https:\/\/www.grundschule-heidgarten.de\/public_html\/index.php?rest_route=\/wp\/v2\/pages\/24"}],"wp:attachment":[{"href":"https:\/\/www.grundschule-heidgarten.de\/public_html\/index.php?rest_route=%2Fwp%2Fv2%2Fmedia&parent=186"}],"curies":[{"name":"wp","href":"https:\/\/api.w.org\/{rel}","templated":true}]}}