{"id":188,"date":"2012-12-17T18:55:02","date_gmt":"2012-12-17T16:55:02","guid":{"rendered":"http:\/\/www.grundschule-heidgarten.de\/public_html\/?page_id=188"},"modified":"2023-09-13T12:08:10","modified_gmt":"2023-09-13T10:08:10","slug":"ags","status":"publish","type":"page","link":"https:\/\/www.grundschule-heidgarten.de\/public_html\/?page_id=188","title":{"rendered":"AG-Angebote"},"content":{"rendered":"<h3><strong>Die AG-Angebote in der OGGS Heidgarten<\/strong><\/h3>\n<p>In den AG-Angeboten haben wir die Schwerpunkte Bewegung, Ern\u00e4hrung, Natur, Kunst\/Musik. Die Sch\u00fcler\/innen haben hier die M\u00f6glichkeit je nach Interesse f\u00fcr ein Schuljahr an den AG-Angeboten teilzunehmen.<br \/>\nBei den Nachmittagsangeboten arbeiten wir mit au\u00dferschulischen Kooperationspartnern wie z. B. dem MTV-Vorsfelde, der Musikschule Wolfsburg, den\u00a0Bromer Landfrauen\u00a0zusammen.<\/p>\n<ul>\n<li><strong>Bewegungsangebote:<\/strong><br \/>\n\u201eSport-Spiel-Spa\u00df\u201c, Fu\u00dfball, Tennis<\/li>\n<li><strong>Buntspecht AG<\/strong><\/li>\n<li><strong>Regelm\u00e4\u00dfige Musikangebote<\/strong><\/li>\n<li><strong>\u201eWohlf\u00fchl AG<\/strong>\u201c<\/li>\n<li><strong>\u201eKreativ und Bastel \u2013 Mix\u201c<\/strong><\/li>\n<li><strong>\u201ePapierkunst&#8220;<\/strong><\/li>\n<li><strong>Kunstprojekte:<\/strong><br \/>\nThema \u201eNachhaltigkeit\u201c<\/li>\n<li><strong>Kochen mit den Ganztagssch\u00fcler\/innen<\/strong><\/li>\n<li><strong>\u201eNatur- und Gartengruppe&#8220; <\/strong>im Schulgarten der OGGS Heidgarten und auf dem Abenteuerspielplatz Buntspecht<\/li>\n<\/ul>\n<p>&nbsp;<\/p>\n<p>Die AG-Angebote finden in der Zeit von 15.00 \u2013 16.00 Uhr statt.<\/p>\n<p>&nbsp;<\/p>\n<p><a href=\"https:\/\/www.grundschule-heidgarten.de\/public_html\/wp-content\/uploads\/P1010583bearb.jpg\" rel=\"attachment wp-att-3119\"><img loading=\"lazy\" decoding=\"async\" class=\"alignnone wp-image-3119\" src=\"https:\/\/www.grundschule-heidgarten.de\/public_html\/wp-content\/uploads\/P1010583bearb-150x150.jpg\" alt=\"OLYMPUS DIGITAL CAMERA\" width=\"173\" height=\"173\" \/><\/a>\u00a0\u00a0\u00a0\u00a0 <a href=\"https:\/\/www.grundschule-heidgarten.de\/public_html\/wp-content\/uploads\/P1010589-bearb..jpg\" rel=\"attachment wp-att-3117\"><img loading=\"lazy\" decoding=\"async\" class=\"wp-image-3117 alignnone\" src=\"https:\/\/www.grundschule-heidgarten.de\/public_html\/wp-content\/uploads\/P1010589-bearb.-150x150.jpg\" alt=\"OLYMPUS DIGITAL CAMERA\" width=\"172\" height=\"172\" \/><\/a><\/p>\n<p><span style=\"text-decoration: underline;\">Die Buntspecht AG<\/span><\/p>\n<p>&#8230; mit dem Staunen f\u00e4ngt es an&#8230;\u00a0\u00a0 (Hermann Hesse)<\/p>\n<p>In der Buntspecht AG spielen die Kinder die Welt der Gro\u00dfen nach. Unser naturbelassenes Au\u00dfengel\u00e4nde bietet den Kindern die M\u00f6glichkeit mit nat\u00fcrlichen Materialien zu spielen, die Sinne zu verfeinern und dar\u00fcber hinaus einheimische Pflanzen kennenzulernen. Das Wissen von Gr\u00e4sern, Bl\u00fcten und Bl\u00e4ttern wird im Spiel erfahren und weitergegeben. Die Ganztagsbetreuung nutzt die au\u00dferschulische Bildung auf dem Abenteuerspielplatz Buntspecht in unterschiedlichster Form.<br \/>\n<strong><br \/>\n<\/strong><\/p>\n<p><a href=\"https:\/\/www.grundschule-heidgarten.de\/public_html\/wp-content\/uploads\/P1010934-bearb.jpg\" rel=\"attachment wp-att-3130\"><img loading=\"lazy\" decoding=\"async\" class=\"alignnone wp-image-3130\" src=\"https:\/\/www.grundschule-heidgarten.de\/public_html\/wp-content\/uploads\/P1010934-bearb-150x150.jpg\" alt=\"OLYMPUS DIGITAL CAMERA\" width=\"176\" height=\"176\" \/><\/a>\u00a0\u00a0\u00a0\u00a0 <a href=\"https:\/\/www.grundschule-heidgarten.de\/public_html\/wp-content\/uploads\/P1010932-bearb.jpg\" rel=\"attachment wp-att-3133\"><img loading=\"lazy\" decoding=\"async\" class=\"alignnone wp-image-3133\" src=\"https:\/\/www.grundschule-heidgarten.de\/public_html\/wp-content\/uploads\/P1010932-bearb-150x150.jpg\" alt=\"OLYMPUS DIGITAL CAMERA\" width=\"176\" height=\"176\" \/><\/a>\u00a0\u00a0\u00a0 <a href=\"https:\/\/www.grundschule-heidgarten.de\/public_html\/wp-content\/uploads\/P1010935-bearb.jpg\" rel=\"attachment wp-att-3131\"><img loading=\"lazy\" decoding=\"async\" class=\"alignnone wp-image-3131\" src=\"https:\/\/www.grundschule-heidgarten.de\/public_html\/wp-content\/uploads\/P1010935-bearb-150x150.jpg\" alt=\"OLYMPUS DIGITAL CAMERA\" width=\"176\" height=\"176\" \/><\/a><\/p>\n<p><span style=\"text-decoration: underline;\">Die Buntspecht AG<\/span><\/p>\n<p>&#8230; der Umgang mit Werkzeugen &#8230;<\/p>\n<p>Die Werkzeuge der &#8222;Gro\u00dfen&#8220; werden zu Helfern im Selbstbestimmten Spiel. Im Umgang mit Werkzeugen erfahren die Kinder f\u00fcr welche T\u00e4tigkeiten welches Werkzeug verwendet werden kann. Im Vorfeld nutzen die Kinder Werkzeuge f\u00fcr unterschiedlichste T\u00e4tigkeiten und machen sich diese vertraut. Einen Hammer zum zerkleinern von Bl\u00fcten zu verwenden setzt voraus, ihn mit weniger Kraftdosierung auf eine Tonschale aufzusetzen. Um den Nagel in ein Brett zu schlagen ben\u00f6tigt man hingegen Kraft.<\/p>\n<p>&nbsp;<\/p>\n<p><a href=\"https:\/\/www.grundschule-heidgarten.de\/public_html\/wp-content\/uploads\/P1010947-bearb.jpg\" rel=\"attachment wp-att-3134\"><img loading=\"lazy\" decoding=\"async\" class=\"alignnone wp-image-3134\" src=\"https:\/\/www.grundschule-heidgarten.de\/public_html\/wp-content\/uploads\/P1010947-bearb-150x150.jpg\" alt=\"OLYMPUS DIGITAL CAMERA\" width=\"176\" height=\"176\" \/><\/a>\u00a0 \u00a0 <a href=\"https:\/\/www.grundschule-heidgarten.de\/public_html\/wp-content\/uploads\/P1010976-bearb.jpg\" rel=\"attachment wp-att-3135\"><img loading=\"lazy\" decoding=\"async\" class=\"alignnone wp-image-3135\" src=\"https:\/\/www.grundschule-heidgarten.de\/public_html\/wp-content\/uploads\/P1010976-bearb-150x150.jpg\" alt=\"OLYMPUS DIGITAL CAMERA\" width=\"176\" height=\"176\" \/><\/a>\u00a0\u00a0\u00a0 <a href=\"https:\/\/www.grundschule-heidgarten.de\/public_html\/wp-content\/uploads\/P1011008-bearb.jpg\" rel=\"attachment wp-att-3136\"><img loading=\"lazy\" decoding=\"async\" class=\"alignnone wp-image-3136\" src=\"https:\/\/www.grundschule-heidgarten.de\/public_html\/wp-content\/uploads\/P1011008-bearb-150x150.jpg\" alt=\"OLYMPUS DIGITAL CAMERA\" width=\"176\" height=\"176\" \/><\/a><\/p>\n<p><span style=\"text-decoration: underline;\">Den Blumen eine Farbe geben<\/span><\/p>\n<p>&#8230; mit der Natur experimentieren &#8230;<\/p>\n<p>Die Kreativit\u00e4t der Kinder, scheint so kreativ, wie die Natur selbst. Die Natur malt die Blumen bunt. Wie oft staunen wir selbst noch \u00fcber die Natur, wie zahlreich und vielseitig, die Farbsch\u00f6pfung der Natur ist. Hier werden die Kinder selbst zum Gestalter. Es ist einfach sich vorzustellen, wie Kinder staunen, wenn aus einem erst noch belanglosem Experiment ein kleins Wunder wird.<\/p>\n<p>&nbsp;<\/p>\n<p>&nbsp;<\/p>\n<p>&nbsp;<\/p>\n<p>&nbsp;<\/p>\n","protected":false},"excerpt":{"rendered":"<p>Die AG-Angebote in der OGGS Heidgarten In den AG-Angeboten haben wir die Schwerpunkte Bewegung, Ern\u00e4hrung, Natur, Kunst\/Musik. Die Sch\u00fcler\/innen haben hier die M\u00f6glichkeit je nach Interesse f\u00fcr ein Schuljahr an den AG-Angeboten teilzunehmen. Bei den Nachmittagsangeboten arbeiten wir mit au\u00dferschulischen Kooperationspartnern wie z. B. dem MTV-Vorsfelde, der Musikschule Wolfsburg, den\u00a0Bromer <span class=\"ellipsis\">&hellip;<\/span> <span class=\"more-link-wrap\"><a href=\"https:\/\/www.grundschule-heidgarten.de\/public_html\/?page_id=188\" class=\"more-link\"><span>Read more &rarr;<\/span><\/a><\/span><\/p>\n","protected":false},"author":21,"featured_media":0,"parent":24,"menu_order":7,"comment_status":"closed","ping_status":"closed","template":"","meta":{"footnotes":""},"class_list":["post-188","page","type-page","status-publish","hentry"],"_links":{"self":[{"href":"https:\/\/www.grundschule-heidgarten.de\/public_html\/index.php?rest_route=\/wp\/v2\/pages\/188","targetHints":{"allow":["GET"]}}],"collection":[{"href":"https:\/\/www.grundschule-heidgarten.de\/public_html\/index.php?rest_route=\/wp\/v2\/pages"}],"about":[{"href":"https:\/\/www.grundschule-heidgarten.de\/public_html\/index.php?rest_route=\/wp\/v2\/types\/page"}],"author":[{"embeddable":true,"href":"https:\/\/www.grundschule-heidgarten.de\/public_html\/index.php?rest_route=\/wp\/v2\/users\/21"}],"replies":[{"embeddable":true,"href":"https:\/\/www.grundschule-heidgarten.de\/public_html\/index.php?rest_route=%2Fwp%2Fv2%2Fcomments&post=188"}],"version-history":[{"count":39,"href":"https:\/\/www.grundschule-heidgarten.de\/public_html\/index.php?rest_route=\/wp\/v2\/pages\/188\/revisions"}],"predecessor-version":[{"id":5810,"href":"https:\/\/www.grundschule-heidgarten.de\/public_html\/index.php?rest_route=\/wp\/v2\/pages\/188\/revisions\/5810"}],"up":[{"embeddable":true,"href":"https:\/\/www.grundschule-heidgarten.de\/public_html\/index.php?rest_route=\/wp\/v2\/pages\/24"}],"wp:attachment":[{"href":"https:\/\/www.grundschule-heidgarten.de\/public_html\/index.php?rest_route=%2Fwp%2Fv2%2Fmedia&parent=188"}],"curies":[{"name":"wp","href":"https:\/\/api.w.org\/{rel}","templated":true}]}}