{"id":190,"date":"2012-12-17T18:55:43","date_gmt":"2012-12-17T16:55:43","guid":{"rendered":"http:\/\/www.grundschule-heidgarten.de\/public_html\/?page_id=190"},"modified":"2023-09-13T12:26:14","modified_gmt":"2023-09-13T10:26:14","slug":"organisatorisches","status":"publish","type":"page","link":"https:\/\/www.grundschule-heidgarten.de\/public_html\/?page_id=190","title":{"rendered":"Organisatorisches"},"content":{"rendered":"<p><strong>Organisatorisches in der OGGS Heidgarten<\/strong><\/p>\n<ul>\n<li>Die Offene Ganztagsgrundschule Heidgarten ist von Montag bis Freitag immer von 8.00 \u2013 17.00 Uhr ge\u00f6ffnet.<\/li>\n<li>Die Sch\u00fcler\/innen werden im Ganztagsbereich der OGGS Heidgarten in der Zeit von 13:00 &#8211; 17:00 Uhr von den st\u00e4dtischen Mitarbeitern\/innen betreut.<\/li>\n<\/ul>\n<p><strong>1. An- und Abmeldung<\/strong><\/p>\n<ul>\n<li>Die Aufnahme in die OGGS Heidgarten ist immer zu Beginn eines Schuljahres.<\/li>\n<li>Die Anmeldung ist f\u00fcr ein Jahr verbindlich.<\/li>\n<li>In Ausnahmef\u00e4llen ist eine Aufnahme w\u00e4hrend des Schuljahres m\u00f6glich.<\/li>\n<li>Der Besuch der OGGS ist kostenlos.<\/li>\n<\/ul>\n<p><strong>2. Mittagsverpflegung in der OGGS Heidgarten<\/strong><\/p>\n<p>Ihr Kind bekommt in der Ganztagsschule ein Mittagessen mit Vorspeise oder Nachtisch. Jeden Tag geh\u00f6rt auch ein Nachmittagssnack dazu (Joghurt, M\u00fcsliriegel oder Obst). Zum Mittagessen geh\u00f6ren auch frische Zutaten, zum Beispiel Salate.<\/p>\n<p>Das Mittagessen wird von der Firma Wollino geliefert. Die Zubereitung der Speisen erfolgt im Cook &amp; Chill Verfahren. Cook and Chill bedeutet \u00bbKochen und K\u00fchlen\u00ab. Die Speisen werden in der Schule in Kombid\u00e4mpfern kurz vor der Essenszeit fertig gegart. Frische Zutaten wie Obst und Gem\u00fcse werden direkt vor Ort zu den Speisen gegeben.<\/p>\n<p>Es werden dabei die individuellen Bed\u00fcrfnisse der Kinder ber\u00fccksichtigt, wie z.B. Unvertr\u00e4glichkeit. Weitere Informationen bietet Ihnen die Brosch\u00fcre <a href=\"wp-content\/uploads\/Broschuere_180412.pdf\" target=\"_blank\" rel=\"noopener\">\u00bbInformationen f\u00fcr Eltern mit Kindern an den Ganztagsgrundschulen im Konzept \u203aCook &amp; Chill &#8211; Frischebaukasten\u2039\u00ab<\/a> (PDF-Download).<\/p>\n<p>Die aktuellen Speisepl\u00e4ne erhalten Sie als PDF-Download auf den Internetseiten von <a href=\"http:\/\/www.wolfsburg.de\/irj\/portal\/anonymous?NavigationTarget=imperiafully:\/\/de\/townhall\/49c0f8b2.xml\/Rathaus\/Rathaus\/Schule\/Sch%C3%BClerbezogene%20Dienstleistungen\/Schulverpflegung\" target=\"_blank\" rel=\"noopener\">wolfsburg.de<\/a>.<\/p>\n<p>F\u00fcr weitere Infos und Fragen zur Schulverpflegung wenden Sie sich an das Team Schulverpflegung des Gesch\u00e4ftsbereiches Schule:<\/p>\n<ul>\n<li style=\"list-style-type: none;\">\n<ul>Rathaus A, Zimmer A 311\/A 312<\/ul>\n<\/li>\n<\/ul>\n<ul>\n<li style=\"list-style-type: none;\">\n<ul>Telefon: 0 53 61 &#8211; 28 24 42<\/ul>\n<\/li>\n<\/ul>\n<ul>\n<li style=\"list-style-type: none;\">\n<ul>Telefax: 0 53 61 \u2013 28 22 52<\/ul>\n<\/li>\n<\/ul>\n<ul>\n<li style=\"list-style-type: none;\">\n<ul>E-Mail:<\/ul>\n<\/li>\n<\/ul>\n<p><a href=\"mailto:schulverpflegung@stadt.wolfsburg.de\">schulverpflegung@stadt.wolfsburg.de<\/a><\/p>\n<p><strong>3. Verl\u00e4ssliche Ferienbetreuung in Wolfsburg<\/strong><\/p>\n<p>Im Auftrag des Gesch\u00e4ftsbereiches Schule organisieren die Volkshochschule Wolfsburg GmbH (VHS) und der Kirchenkreis Wolfsburg die Ferienbetreuung f\u00fcr Wolfsburger Sch\u00fcler\/innen.<br \/>\nIn allen Ferienzeiten \u2013 mit Ausnahme des Zeitraumes zwischen Weihnachten und Neujahr \u2013 gestalten VHS und Kirchenkreis in der Zeit von 08.00 bis 17.00 Uhr ein ganzt\u00e4giges Betreuungsangebot.<br \/>\nDie Ferienprogrammteilnehmer\/innen erwartet eine bunte Mischung aus Zeit zum freien Spielen,<br \/>\nKreativangeboten und Ausfl\u00fcgen.<\/p>\n<p>Ein Tag in der Ferienbetreuung kostet 8,00 Euro inklusive Mittagessen.<\/p>\n<p>Ansprechpartner f\u00fcr die Gesamtkoordination der Ferienbetreuung in Wolfsburg ist Steffen Kirsch, <a href=\"mailto:info@bzw.wolfsburg.de\">info@bzw.wolfsburg.de<\/a>.<\/p>\n","protected":false},"excerpt":{"rendered":"<p>Organisatorisches in der OGGS Heidgarten Die Offene Ganztagsgrundschule Heidgarten ist von Montag bis Freitag immer von 8.00 \u2013 17.00 Uhr ge\u00f6ffnet. Die Sch\u00fcler\/innen werden im Ganztagsbereich der OGGS Heidgarten in der Zeit von 13:00 &#8211; 17:00 Uhr von den st\u00e4dtischen Mitarbeitern\/innen betreut. 1. An- und Abmeldung Die Aufnahme in die <span class=\"ellipsis\">&hellip;<\/span> <span class=\"more-link-wrap\"><a href=\"https:\/\/www.grundschule-heidgarten.de\/public_html\/?page_id=190\" class=\"more-link\"><span>Read more &rarr;<\/span><\/a><\/span><\/p>\n","protected":false},"author":21,"featured_media":0,"parent":24,"menu_order":13,"comment_status":"closed","ping_status":"closed","template":"","meta":{"footnotes":""},"class_list":["post-190","page","type-page","status-publish","hentry"],"_links":{"self":[{"href":"https:\/\/www.grundschule-heidgarten.de\/public_html\/index.php?rest_route=\/wp\/v2\/pages\/190","targetHints":{"allow":["GET"]}}],"collection":[{"href":"https:\/\/www.grundschule-heidgarten.de\/public_html\/index.php?rest_route=\/wp\/v2\/pages"}],"about":[{"href":"https:\/\/www.grundschule-heidgarten.de\/public_html\/index.php?rest_route=\/wp\/v2\/types\/page"}],"author":[{"embeddable":true,"href":"https:\/\/www.grundschule-heidgarten.de\/public_html\/index.php?rest_route=\/wp\/v2\/users\/21"}],"replies":[{"embeddable":true,"href":"https:\/\/www.grundschule-heidgarten.de\/public_html\/index.php?rest_route=%2Fwp%2Fv2%2Fcomments&post=190"}],"version-history":[{"count":24,"href":"https:\/\/www.grundschule-heidgarten.de\/public_html\/index.php?rest_route=\/wp\/v2\/pages\/190\/revisions"}],"predecessor-version":[{"id":6365,"href":"https:\/\/www.grundschule-heidgarten.de\/public_html\/index.php?rest_route=\/wp\/v2\/pages\/190\/revisions\/6365"}],"up":[{"embeddable":true,"href":"https:\/\/www.grundschule-heidgarten.de\/public_html\/index.php?rest_route=\/wp\/v2\/pages\/24"}],"wp:attachment":[{"href":"https:\/\/www.grundschule-heidgarten.de\/public_html\/index.php?rest_route=%2Fwp%2Fv2%2Fmedia&parent=190"}],"curies":[{"name":"wp","href":"https:\/\/api.w.org\/{rel}","templated":true}]}}