{"id":192,"date":"2012-12-17T18:56:12","date_gmt":"2012-12-17T16:56:12","guid":{"rendered":"http:\/\/www.grundschule-heidgarten.de\/public_html\/?page_id=192"},"modified":"2016-12-08T16:23:17","modified_gmt":"2016-12-08T14:23:17","slug":"ferienbetreuung","status":"publish","type":"page","link":"https:\/\/www.grundschule-heidgarten.de\/public_html\/?page_id=192","title":{"rendered":"Familienorientierte Angebote"},"content":{"rendered":"<p><strong>Familienorientierte Angebote in der Nachmittagsbetreuung der OGGS Heidgarten<\/strong><\/p>\n<p>Mehrmals im Jahr finden im Rahmen der Nahmittagsbetreuung familienorientierte Angebote statt, die unter anderem in Zusammenarbeit mit dem ASP BUNTSPECHT durchgef\u00fchrt werden. Teilweise sind diese Veranstaltungen, die f\u00fcr die ganze Familie offen sind, an den gemeinsamen Jahresthemen orientiert.<\/p>\n<p><strong>Allj\u00e4hrlich finden statt:<\/strong><\/p>\n<ul>\n<li>Osterfeuer immer am Gr\u00fcndonnerstag ab 17:00 Uhr auf dem Gel\u00e4nde des ASP BUNTSPECHT<\/li>\n<\/ul>\n<ul>\n<li>Lichterfest am 1. Freitag im November ab 17:00 Uhr auf dem Gel\u00e4nde des ASP BUNTSPECHT<\/li>\n<\/ul>\n<ul>\n<li>Des Weiteren nimmt die Nachmittagsbetreuung am allj\u00e4hrlichen Weihnachtsbasar der OGGS Heidgarten teil.<\/li>\n<\/ul>\n","protected":false},"excerpt":{"rendered":"<p>Familienorientierte Angebote in der Nachmittagsbetreuung der OGGS Heidgarten Mehrmals im Jahr finden im Rahmen der Nahmittagsbetreuung familienorientierte Angebote statt, die unter anderem in Zusammenarbeit mit dem ASP BUNTSPECHT durchgef\u00fchrt werden. Teilweise sind diese Veranstaltungen, die f\u00fcr die ganze Familie offen sind, an den gemeinsamen Jahresthemen orientiert. Allj\u00e4hrlich finden statt: Osterfeuer <span class=\"ellipsis\">&hellip;<\/span> <span class=\"more-link-wrap\"><a href=\"https:\/\/www.grundschule-heidgarten.de\/public_html\/?page_id=192\" class=\"more-link\"><span>Read more &rarr;<\/span><\/a><\/span><\/p>\n","protected":false},"author":21,"featured_media":0,"parent":24,"menu_order":11,"comment_status":"closed","ping_status":"closed","template":"","meta":{"footnotes":""},"class_list":["post-192","page","type-page","status-publish","hentry"],"_links":{"self":[{"href":"https:\/\/www.grundschule-heidgarten.de\/public_html\/index.php?rest_route=\/wp\/v2\/pages\/192","targetHints":{"allow":["GET"]}}],"collection":[{"href":"https:\/\/www.grundschule-heidgarten.de\/public_html\/index.php?rest_route=\/wp\/v2\/pages"}],"about":[{"href":"https:\/\/www.grundschule-heidgarten.de\/public_html\/index.php?rest_route=\/wp\/v2\/types\/page"}],"author":[{"embeddable":true,"href":"https:\/\/www.grundschule-heidgarten.de\/public_html\/index.php?rest_route=\/wp\/v2\/users\/21"}],"replies":[{"embeddable":true,"href":"https:\/\/www.grundschule-heidgarten.de\/public_html\/index.php?rest_route=%2Fwp%2Fv2%2Fcomments&post=192"}],"version-history":[{"count":14,"href":"https:\/\/www.grundschule-heidgarten.de\/public_html\/index.php?rest_route=\/wp\/v2\/pages\/192\/revisions"}],"predecessor-version":[{"id":3780,"href":"https:\/\/www.grundschule-heidgarten.de\/public_html\/index.php?rest_route=\/wp\/v2\/pages\/192\/revisions\/3780"}],"up":[{"embeddable":true,"href":"https:\/\/www.grundschule-heidgarten.de\/public_html\/index.php?rest_route=\/wp\/v2\/pages\/24"}],"wp:attachment":[{"href":"https:\/\/www.grundschule-heidgarten.de\/public_html\/index.php?rest_route=%2Fwp%2Fv2%2Fmedia&parent=192"}],"curies":[{"name":"wp","href":"https:\/\/api.w.org\/{rel}","templated":true}]}}