{"id":201,"date":"2012-12-17T18:58:03","date_gmt":"2012-12-17T16:58:03","guid":{"rendered":"http:\/\/www.grundschule-heidgarten.de\/public_html\/?page_id=201"},"modified":"2014-12-08T18:42:57","modified_gmt":"2014-12-08T16:42:57","slug":"projekte","status":"publish","type":"page","link":"https:\/\/www.grundschule-heidgarten.de\/public_html\/?page_id=201","title":{"rendered":"Projekte"},"content":{"rendered":"<h2>&#8222;Rund um die Kartoffel&#8220; &#8211; ein Herbstprojekt f\u00fcr alle Sinne<\/h2>\n<div id=\"attachment_2080\" style=\"width: 608px\" class=\"wp-caption alignnone\"><a href=\"https:\/\/www.grundschule-heidgarten.de\/public_html\/wp-content\/uploads\/herbstfest-20141.jpg\"><img loading=\"lazy\" decoding=\"async\" aria-describedby=\"caption-attachment-2080\" class=\" wp-image-2080\" src=\"https:\/\/www.grundschule-heidgarten.de\/public_html\/wp-content\/uploads\/herbstfest-20141.jpg\" alt=\"Herbstfest &quot;Rund um die Kartoffel&quot;; WN vom 24.10.2014\" width=\"598\" height=\"355\" srcset=\"https:\/\/www.grundschule-heidgarten.de\/public_html\/wp-content\/uploads\/herbstfest-20141.jpg 1000w, https:\/\/www.grundschule-heidgarten.de\/public_html\/wp-content\/uploads\/herbstfest-20141-300x178.jpg 300w\" sizes=\"auto, (max-width: 598px) 100vw, 598px\" \/><\/a><p id=\"caption-attachment-2080\" class=\"wp-caption-text\">Herbstfest &#8222;Rund um die Kartoffel&#8220;; WN vom 24.10.2014<\/p><\/div>\n<p>&nbsp;<\/p>\n<h2>Wir sind eine bunte Schule &#8211; Projektwoche vom 7. bis 11.Juli 2014<\/h2>\n<h2><img loading=\"lazy\" decoding=\"async\" class=\"\" src=\"https:\/\/www.grundschule-heidgarten.de\/public_html\/wp-content\/uploads\/bunte-schule-m%C3%A4use.jpg\" alt=\"bunte schule m\u00e4use\" width=\"602\" height=\"143\" \/><\/h2>\n<p>Unter dem Motto \u201cWir sind eine bunte Schule\u201d fand\u00a0 in der Zeit vom 7.7. bis 11.7.14 eine Projektwoche statt.<br \/>\n\u201cWir versch\u00f6nern unsere Schule\u201d, stand am Montag und Dienstag auf dem Programm (Durchf\u00fchrung im Klassenverband).<br \/>\nDer Mittwoch und Donnerstag war den 5 Kontinenten gewidmet. Die Sch\u00fcler\/innen durften sich ihren \u201cWunschkontinent\u201d aussuchen. Dazu enstanden Schaubilder, Landkarten, Steckbriefe und Bastelarbeiten, die in einer Pr\u00e4sentation am Freitag Vormittag bewundert werden konnten.<br \/>\nNationaltypische Leckereien waren dabei eine willkommene Abwechselung.<br \/>\nBesonderer Dank\u00a0 an alle Eltern, die an diesen Tagen ihre Hilfe angeboten haben und den Pr\u00e4sentationstag mit Kuchenspenden vers\u00fc\u00dft haben.<\/p>\n<p>&nbsp;<\/p>\n<h2>&#8222;Erste Hilfe&#8220; &#8211; 3. Klassen \u00fcben den Ernstfall, 16.\/17.6.2014<br \/>\n<a href=\"https:\/\/www.grundschule-heidgarten.de\/public_html\/wp-content\/uploads\/1.-Hilfe.jpg\"><img loading=\"lazy\" decoding=\"async\" class=\"alignnone size-full wp-image-1743\" src=\"https:\/\/www.grundschule-heidgarten.de\/public_html\/wp-content\/uploads\/1.-Hilfe.jpg\" alt=\"1. Hilfe\" width=\"600\" height=\"667\" srcset=\"https:\/\/www.grundschule-heidgarten.de\/public_html\/wp-content\/uploads\/1.-Hilfe.jpg 600w, https:\/\/www.grundschule-heidgarten.de\/public_html\/wp-content\/uploads\/1.-Hilfe-269x300.jpg 269w\" sizes=\"auto, (max-width: 600px) 100vw, 600px\" \/><\/a><\/h2>\n<h2><\/h2>\n<h2>Tag der offenen T\u00fcr am 29.3.2014<\/h2>\n<h2><\/h2>\n<p><img loading=\"lazy\" decoding=\"async\" class=\"alignnone size-full wp-image-1602\" src=\"https:\/\/www.grundschule-heidgarten.de\/public_html\/wp-content\/uploads\/tag-offenen-t\u00fcr-2.jpg\" alt=\"tag offenen t\u00fcr 2\" width=\"618\" height=\"692\" srcset=\"https:\/\/www.grundschule-heidgarten.de\/public_html\/wp-content\/uploads\/tag-offenen-t\u00fcr-2.jpg 618w, https:\/\/www.grundschule-heidgarten.de\/public_html\/wp-content\/uploads\/tag-offenen-t\u00fcr-2-267x300.jpg 267w\" sizes=\"auto, (max-width: 618px) 100vw, 618px\" \/><\/p>\n<p>&nbsp;<\/p>\n<h2><strong>Besuch im Schulzentrum Vorsfelde am 27.2.14<\/strong><\/h2>\n<p><img loading=\"lazy\" decoding=\"async\" src=\"https:\/\/www.grundschule-heidgarten.de\/public_html\/wp-content\/uploads\/schulzentrum-besuch.jpg\" alt=\"schulzentrum besuch\" width=\"500\" height=\"378\" \/><\/p>\n<p>Schnuppertag im Schulzentrum Vorsfelde:<br \/>\nDie Aufregung war gro\u00df, als die Klasse 4a ihre neue Schule besuchen durfte.<br \/>\nInteressant und spannend waren die durchzuf\u00fchrenden Versuche.<\/p>\n<h2><\/h2>\n<h2><strong>Nachmittagsbetreuung und Abenteuerspielplatz<br \/>\nladen am 25.11.2013 <\/strong><strong>zum Familiennachmittag im Advent ein<\/strong><\/h2>\n<div id=\"attachment_1233\" style=\"width: 613px\" class=\"wp-caption alignnone\"><img loading=\"lazy\" decoding=\"async\" aria-describedby=\"caption-attachment-1233\" class=\"size-full wp-image-1233\" src=\"https:\/\/www.grundschule-heidgarten.de\/public_html\/wp-content\/uploads\/Bastelnachmittag-wn-251113.jpg\" alt=\"Bastelnachmittag - rund um den Advent  wn 25.11.2013\" width=\"603\" height=\"656\" srcset=\"https:\/\/www.grundschule-heidgarten.de\/public_html\/wp-content\/uploads\/Bastelnachmittag-wn-251113.jpg 603w, https:\/\/www.grundschule-heidgarten.de\/public_html\/wp-content\/uploads\/Bastelnachmittag-wn-251113-275x300.jpg 275w\" sizes=\"auto, (max-width: 603px) 100vw, 603px\" \/><p id=\"caption-attachment-1233\" class=\"wp-caption-text\">Bastelnachmittag &#8211; rund um den Advent<br \/>wn 25.11.2013<\/p><\/div>\n<h3><\/h3>\n<h2><strong>Schwerelos durch den Sternenhimmel: Sch\u00fcler der 2. und 3. Klassen besuchen das Planetarium am 22. 10.2013<\/strong><\/h2>\n<p><img loading=\"lazy\" decoding=\"async\" class=\"alignnone size-full wp-image-1159\" src=\"https:\/\/www.grundschule-heidgarten.de\/public_html\/wp-content\/uploads\/Planetarium-1.jpg\" alt=\"Planetarium 1\" width=\"613\" height=\"366\" \/><\/p>\n<p><img loading=\"lazy\" decoding=\"async\" class=\"alignnone size-full wp-image-1165\" src=\"https:\/\/www.grundschule-heidgarten.de\/public_html\/wp-content\/uploads\/planeten-4.jpg\" alt=\"planeten 4\" width=\"616\" height=\"246\" srcset=\"https:\/\/www.grundschule-heidgarten.de\/public_html\/wp-content\/uploads\/planeten-4.jpg 616w, https:\/\/www.grundschule-heidgarten.de\/public_html\/wp-content\/uploads\/planeten-4-300x119.jpg 300w\" sizes=\"auto, (max-width: 616px) 100vw, 616px\" \/><br \/>\nSpannend ging es zu f\u00fcr die Sch\u00fcler der 2. und 3. Klassen im Planetarium Wolfsburg.<br \/>\nHimmelsrichtungen, Sommer, Winter, Flug bis ins Innere der Sonne, Planeten, Sternbilder und vieles mehr gab es zu erkunden.<br \/>\nAll das wurde vertieft durch einen Marsch \u00fcber den Planetenweg rund um den Allersee.<br \/>\nEin Erlebnis, das uns die B\u00fcrgerstiftung Wolfsburg erm\u00f6glichte. Herzlichen Dank!<\/p>\n<p>&nbsp;<\/p>\n<h2><strong><span style=\"text-decoration: underline;\">Die 2. Klassen besuchen die Stadtbibliothek in Vorsfelde<\/span><\/strong><\/h2>\n<p><img loading=\"lazy\" decoding=\"async\" class=\" wp-image-1300 alignnone\" src=\"https:\/\/www.grundschule-heidgarten.de\/public_html\/wp-content\/uploads\/b\u00fccherei-erika-2.jpg\" alt=\"b\u00fccherei erika 2\" width=\"487\" height=\"366\" srcset=\"https:\/\/www.grundschule-heidgarten.de\/public_html\/wp-content\/uploads\/b\u00fccherei-erika-2.jpg 609w, https:\/\/www.grundschule-heidgarten.de\/public_html\/wp-content\/uploads\/b\u00fccherei-erika-2-300x225.jpg 300w\" sizes=\"auto, (max-width: 487px) 100vw, 487px\" \/><\/p>\n<p>&nbsp;<\/p>\n<h2><span style=\"text-decoration: underline;\"><strong>Zur\u00fcck in die Steinzeit!\u00a0 Projektwoche vom 17. bis 20.6.2013<\/strong><\/span><\/h2>\n<div id=\"attachment_906\" style=\"width: 617px\" class=\"wp-caption alignnone\"><img loading=\"lazy\" decoding=\"async\" aria-describedby=\"caption-attachment-906\" class=\"size-full wp-image-906\" src=\"https:\/\/www.grundschule-heidgarten.de\/public_html\/wp-content\/uploads\/steinzeit-H\u00f6hlenmalerei.jpg\" alt=\"Herstellund von Erdfarben, H\u00f6henmalerei\" width=\"607\" height=\"274\" srcset=\"https:\/\/www.grundschule-heidgarten.de\/public_html\/wp-content\/uploads\/steinzeit-H\u00f6hlenmalerei.jpg 607w, https:\/\/www.grundschule-heidgarten.de\/public_html\/wp-content\/uploads\/steinzeit-H\u00f6hlenmalerei-300x135.jpg 300w\" sizes=\"auto, (max-width: 607px) 100vw, 607px\" \/><p id=\"caption-attachment-906\" class=\"wp-caption-text\">Herstellung von Erdfarben, H\u00f6henmalerei<\/p><\/div>\n<div id=\"attachment_904\" style=\"width: 617px\" class=\"wp-caption alignnone\"><img loading=\"lazy\" decoding=\"async\" aria-describedby=\"caption-attachment-904\" class=\"size-full wp-image-904\" src=\"https:\/\/www.grundschule-heidgarten.de\/public_html\/wp-content\/uploads\/Steinzeitprojekt-1.jpg\" alt=\"Feuersteinklingen schlagen, Werkzeuge herstellen, Reliefs und Schmuckperlen t\u00f6pfern\" width=\"607\" height=\"573\" srcset=\"https:\/\/www.grundschule-heidgarten.de\/public_html\/wp-content\/uploads\/Steinzeitprojekt-1.jpg 607w, https:\/\/www.grundschule-heidgarten.de\/public_html\/wp-content\/uploads\/Steinzeitprojekt-1-300x283.jpg 300w\" sizes=\"auto, (max-width: 607px) 100vw, 607px\" \/><p id=\"caption-attachment-904\" class=\"wp-caption-text\">Feuersteinklingen schlagen, Werkzeuge herstellen, Reliefs und Schmuckperlen t\u00f6pfern<\/p><\/div>\n<div id=\"attachment_909\" style=\"width: 616px\" class=\"wp-caption alignnone\"><a href=\"https:\/\/www.grundschule-heidgarten.de\/public_html\/wp-content\/uploads\/steinzeitbehausungen.jpg\"><img loading=\"lazy\" decoding=\"async\" aria-describedby=\"caption-attachment-909\" class=\"size-full wp-image-909\" src=\"https:\/\/www.grundschule-heidgarten.de\/public_html\/wp-content\/uploads\/steinzeitbehausungen.jpg\" alt=\"Steinzeith\u00e4user\" width=\"606\" height=\"150\" srcset=\"https:\/\/www.grundschule-heidgarten.de\/public_html\/wp-content\/uploads\/steinzeitbehausungen.jpg 606w, https:\/\/www.grundschule-heidgarten.de\/public_html\/wp-content\/uploads\/steinzeitbehausungen-300x74.jpg 300w\" sizes=\"auto, (max-width: 606px) 100vw, 606px\" \/><\/a><p id=\"caption-attachment-909\" class=\"wp-caption-text\">Steinzeith\u00e4user<\/p><\/div>\n<p>&nbsp;<\/p>\n<h3><strong>Schulz &#8230; ein spannendes und kreatives Projekt, Klasse 4c war wieder dabei (waz, 13.6.2013)<\/strong><\/h3>\n<p><img loading=\"lazy\" decoding=\"async\" class=\"alignnone size-full wp-image-883\" src=\"https:\/\/www.grundschule-heidgarten.de\/public_html\/wp-content\/uploads\/schulz-sossinka.jpg\" alt=\"schulz sossinka\" width=\"567\" height=\"684\" srcset=\"https:\/\/www.grundschule-heidgarten.de\/public_html\/wp-content\/uploads\/schulz-sossinka.jpg 567w, https:\/\/www.grundschule-heidgarten.de\/public_html\/wp-content\/uploads\/schulz-sossinka-248x300.jpg 248w\" sizes=\"auto, (max-width: 567px) 100vw, 567px\" \/><\/p>\n<p>&nbsp;<\/p>\n<h3><strong>Klasse 3a besucht die Feuerwehr Vorsfelde (30.4.2012)<\/strong><\/h3>\n<p>Zum Thema Retten, L\u00f6schen, Bergen, Sch\u00fctzen hatte die Freiwillige Feuerwehr Vorsfelde einen spannenden und lehrreichen Vormittag f\u00fcr die Sch\u00fcler vorbereitet. Bei der Erkundung der Fahrzeuge durfte jeder einmal auf dem Leiterwagen sitzen.<\/p>\n<p><img loading=\"lazy\" decoding=\"async\" class=\"alignnone size-full wp-image-840\" src=\"https:\/\/www.grundschule-heidgarten.de\/public_html\/wp-content\/uploads\/feuerwehr-2.jpg\" alt=\"feuerwehr 2\" width=\"575\" height=\"432\" srcset=\"https:\/\/www.grundschule-heidgarten.de\/public_html\/wp-content\/uploads\/feuerwehr-2.jpg 575w, https:\/\/www.grundschule-heidgarten.de\/public_html\/wp-content\/uploads\/feuerwehr-2-300x225.jpg 300w\" sizes=\"auto, (max-width: 575px) 100vw, 575px\" \/><\/p>\n<p>&nbsp;<\/p>\n<h3><strong>Theater AG und Schulchor f\u00fchren Musical auf<\/strong><\/h3>\n<p><a href=\"https:\/\/www.grundschule-heidgarten.de\/public_html\/wp-content\/uploads\/Washable-vogel-e1385655693846.jpg\"><img loading=\"lazy\" decoding=\"async\" class=\"size-full wp-image-1290 alignleft\" src=\"https:\/\/www.grundschule-heidgarten.de\/public_html\/wp-content\/uploads\/Washable-vogel-e1385655693846.jpg\" alt=\"Washable vogel\" width=\"200\" height=\"72\" \/><\/a><br \/>\nEs ist inzwischen schon Tradition, dass der Schulchor in regelm\u00e4\u00dfigen Abst\u00e4nden ein Musical auff\u00fchrt. Am 25.4.2012 war es wieder soweit, die 4. Klasse f\u00fchrte in Zusammenarbeit mit dem Schulchor das Theaterst\u00fcck \u00bbWashable und die Tiere\u00ab auf. Ein Theaterst\u00fcck, das nach einer Geschichte des bekannten Kinderbuchautors Michael Ende entstand. Pressemeldungen zur Auff\u00fchrung finden Sie unter dem Men\u00fcpunkt <a title=\"Presse\" href=\"?page_id=127\">\u00bbPresse\u00ab<\/a>.<\/p>\n<div id=\"attachment_1092\" style=\"width: 611px\" class=\"wp-caption alignnone\"><img loading=\"lazy\" decoding=\"async\" aria-describedby=\"caption-attachment-1092\" class=\"size-full wp-image-1092  \" src=\"https:\/\/www.grundschule-heidgarten.de\/public_html\/wp-content\/uploads\/Washable-4-bilder.jpg\" alt=\"Das Musical &quot;Washable und die Tiere&quot;, Auff\u00fchrung des Schulchores und der Klasse 4a, 2013\" width=\"601\" height=\"453\" srcset=\"https:\/\/www.grundschule-heidgarten.de\/public_html\/wp-content\/uploads\/Washable-4-bilder.jpg 601w, https:\/\/www.grundschule-heidgarten.de\/public_html\/wp-content\/uploads\/Washable-4-bilder-300x226.jpg 300w\" sizes=\"auto, (max-width: 601px) 100vw, 601px\" \/><p id=\"caption-attachment-1092\" class=\"wp-caption-text\">Das Musical &#8222;Washable und die Tiere&#8220;, Auff\u00fchrung des Schulchores und der Klasse 4a, 2012<\/p><\/div>\n<p><img loading=\"lazy\" decoding=\"async\" class=\"size-full wp-image-802 aligncenter\" src=\"https:\/\/www.grundschule-heidgarten.de\/public_html\/wp-content\/uploads\/Washable-sucht-den-Sinn-des-Lebens-WN.jpg\" alt=\"Washable sucht den Sinn des Lebens WN\" width=\"567\" height=\"511\" srcset=\"https:\/\/www.grundschule-heidgarten.de\/public_html\/wp-content\/uploads\/Washable-sucht-den-Sinn-des-Lebens-WN.jpg 567w, https:\/\/www.grundschule-heidgarten.de\/public_html\/wp-content\/uploads\/Washable-sucht-den-Sinn-des-Lebens-WN-300x270.jpg 300w\" sizes=\"auto, (max-width: 567px) 100vw, 567px\" \/><\/p>\n","protected":false},"excerpt":{"rendered":"<p>&#8222;Rund um die Kartoffel&#8220; &#8211; ein Herbstprojekt f\u00fcr alle Sinne &nbsp; Wir sind eine bunte Schule &#8211; Projektwoche vom 7. bis 11.Juli 2014 Unter dem Motto \u201cWir sind eine bunte Schule\u201d fand\u00a0 in der Zeit vom 7.7. bis 11.7.14 eine Projektwoche statt. \u201cWir versch\u00f6nern unsere Schule\u201d, stand am Montag und <span class=\"ellipsis\">&hellip;<\/span> <span class=\"more-link-wrap\"><a href=\"https:\/\/www.grundschule-heidgarten.de\/public_html\/?page_id=201\" class=\"more-link\"><span>Read more &rarr;<\/span><\/a><\/span><\/p>\n","protected":false},"author":21,"featured_media":0,"parent":123,"menu_order":1,"comment_status":"closed","ping_status":"closed","template":"","meta":{"footnotes":""},"class_list":["post-201","page","type-page","status-publish","hentry"],"_links":{"self":[{"href":"https:\/\/www.grundschule-heidgarten.de\/public_html\/index.php?rest_route=\/wp\/v2\/pages\/201","targetHints":{"allow":["GET"]}}],"collection":[{"href":"https:\/\/www.grundschule-heidgarten.de\/public_html\/index.php?rest_route=\/wp\/v2\/pages"}],"about":[{"href":"https:\/\/www.grundschule-heidgarten.de\/public_html\/index.php?rest_route=\/wp\/v2\/types\/page"}],"author":[{"embeddable":true,"href":"https:\/\/www.grundschule-heidgarten.de\/public_html\/index.php?rest_route=\/wp\/v2\/users\/21"}],"replies":[{"embeddable":true,"href":"https:\/\/www.grundschule-heidgarten.de\/public_html\/index.php?rest_route=%2Fwp%2Fv2%2Fcomments&post=201"}],"version-history":[{"count":69,"href":"https:\/\/www.grundschule-heidgarten.de\/public_html\/index.php?rest_route=\/wp\/v2\/pages\/201\/revisions"}],"predecessor-version":[{"id":2091,"href":"https:\/\/www.grundschule-heidgarten.de\/public_html\/index.php?rest_route=\/wp\/v2\/pages\/201\/revisions\/2091"}],"up":[{"embeddable":true,"href":"https:\/\/www.grundschule-heidgarten.de\/public_html\/index.php?rest_route=\/wp\/v2\/pages\/123"}],"wp:attachment":[{"href":"https:\/\/www.grundschule-heidgarten.de\/public_html\/index.php?rest_route=%2Fwp%2Fv2%2Fmedia&parent=201"}],"curies":[{"name":"wp","href":"https:\/\/api.w.org\/{rel}","templated":true}]}}