{"id":204,"date":"2012-12-17T18:58:45","date_gmt":"2012-12-17T16:58:45","guid":{"rendered":"http:\/\/www.grundschule-heidgarten.de\/public_html\/?page_id=204"},"modified":"2014-07-30T22:18:05","modified_gmt":"2014-07-30T20:18:05","slug":"feste","status":"publish","type":"page","link":"https:\/\/www.grundschule-heidgarten.de\/public_html\/?page_id=204","title":{"rendered":"Feste"},"content":{"rendered":"<h4>Sommerfest am 24.7.2014<br \/>\n<img loading=\"lazy\" decoding=\"async\" class=\"alignnone size-full wp-image-1884\" alt=\"schulfest 14 mix\" src=\"https:\/\/www.grundschule-heidgarten.de\/public_html\/wp-content\/uploads\/schulfest-14-mix.jpg\" width=\"606\" height=\"965\" srcset=\"https:\/\/www.grundschule-heidgarten.de\/public_html\/wp-content\/uploads\/schulfest-14-mix.jpg 606w, https:\/\/www.grundschule-heidgarten.de\/public_html\/wp-content\/uploads\/schulfest-14-mix-188x300.jpg 188w\" sizes=\"auto, (max-width: 606px) 100vw, 606px\" \/><\/h4>\n<h4><\/h4>\n<h4><strong>Faschingsfeier 2014<\/strong><\/h4>\n<p><img loading=\"lazy\" decoding=\"async\" class=\"alignnone size-full wp-image-1467\" alt=\"fasching 1\" src=\"https:\/\/www.grundschule-heidgarten.de\/public_html\/wp-content\/uploads\/fasching-1.jpg\" width=\"707\" height=\"212\" srcset=\"https:\/\/www.grundschule-heidgarten.de\/public_html\/wp-content\/uploads\/fasching-1.jpg 800w, https:\/\/www.grundschule-heidgarten.de\/public_html\/wp-content\/uploads\/fasching-1-300x90.jpg 300w\" sizes=\"auto, (max-width: 707px) 100vw, 707px\" \/><br \/>\n<img loading=\"lazy\" decoding=\"async\" class=\"alignnone size-full wp-image-1451\" alt=\"giraffen zebras\" src=\"https:\/\/www.grundschule-heidgarten.de\/public_html\/wp-content\/uploads\/giraffen-zebras.jpg\" width=\"709\" height=\"283\" srcset=\"https:\/\/www.grundschule-heidgarten.de\/public_html\/wp-content\/uploads\/giraffen-zebras.jpg 709w, https:\/\/www.grundschule-heidgarten.de\/public_html\/wp-content\/uploads\/giraffen-zebras-300x119.jpg 300w\" sizes=\"auto, (max-width: 709px) 100vw, 709px\" \/><br \/>\n&#8222;Zebrastreifen, was gibt es sch\u00f6n&#8217;res auf der Welt! &#8220;<br \/>\nDie Giraffen sind da etwas anderer Meinung: &#8222;Punkte sind cool, ja sie sind der Hit!&#8220;<br \/>\nAber muss man deshalb gleich in Streit geraten?<br \/>\nIn der Rosenmontagsauff\u00fchrung am Montag, dem 3.3.2014 ging es hoch her , als Giraffen und Zebras zusammen mit dem Schulchor ihre packende Geschichte \u00fcber die Freundschaft erz\u00e4hlten.<\/p>\n<p><img loading=\"lazy\" decoding=\"async\" class=\"alignnone size-full wp-image-1478\" alt=\"fasching tanz 2014\" src=\"https:\/\/www.grundschule-heidgarten.de\/public_html\/wp-content\/uploads\/fasching-tanz-2014.jpg\" width=\"530\" height=\"417\" srcset=\"https:\/\/www.grundschule-heidgarten.de\/public_html\/wp-content\/uploads\/fasching-tanz-2014.jpg 530w, https:\/\/www.grundschule-heidgarten.de\/public_html\/wp-content\/uploads\/fasching-tanz-2014-300x236.jpg 300w\" sizes=\"auto, (max-width: 530px) 100vw, 530px\" \/><br \/>\nDer H\u00f6hepunkt der Feier stand erst noch bevor. Ein Tanzwettbewerb sollte erstmalig dazu beitragen, unentdeckte Talente vorzustellen. Man durfte gespannt sein. Musikauswahl und Choreographie war den Tanzgruppen freigestellt. Und tats\u00e4chlich &#8211; 4 Kindergruppen meldeten sich und wollten zeigen, was sie vorbereitet hatten.<br \/>\nEin gro\u00dfes Hallo erwartete sie in der 3. Stunde in der Pausenhalle und eine Jury verfolgte aufmerksam die Tanzauff\u00fchrungen der kleinen K\u00fcnstler. Begeisterter Applaus war der Lohn f\u00fcr die gelungenen Auftritte und keine leichte Aufgabe f\u00fcr die Jury.<\/p>\n<p>Kompliment an alle mutigen T\u00e4nzerinnen und Solot\u00e4nzer. Das habt ihr wirklich gut gemacht. Schade, dass jede Feier einmal zu Ende ist. Fazit eines erlebnisreichen, bunten Vormittags war der einm\u00fctige Tenor: \u00bbEs hat Spa\u00df gemacht!\u00ab<\/p>\n<p>&nbsp;<\/p>\n<h4><strong>Adventssingen 2013<\/strong><\/h4>\n<p><strong> <img loading=\"lazy\" decoding=\"async\" class=\"alignnone size-full wp-image-1456\" alt=\"adventssingen\" src=\"https:\/\/www.grundschule-heidgarten.de\/public_html\/wp-content\/uploads\/adventssingen.jpg\" width=\"600\" height=\"260\" srcset=\"https:\/\/www.grundschule-heidgarten.de\/public_html\/wp-content\/uploads\/adventssingen.jpg 600w, https:\/\/www.grundschule-heidgarten.de\/public_html\/wp-content\/uploads\/adventssingen-300x130.jpg 300w\" sizes=\"auto, (max-width: 600px) 100vw, 600px\" \/><br \/>\n<\/strong>Stimmungsvoll geht es zu, wenn sich montags in der Adventszeit\u00a0 alle Klassen\u00a0 in der Pausenhalle versammeln und alte und neue Weihnachtslieder anstimmen.<\/p>\n<p>&nbsp;<\/p>\n<h4><strong>Sommerfest 2013:<\/strong><\/h4>\n<p>Sch\u00fcler, Freunde, Eltern und Verwandte erfreuten sich an den vielen Spielangeboten wie: Trommel- und Tanzdarbietungen, Tombola, Kinderschminken, Bastel und Malaktionen, Riesenmikado, Dosenwerfen, Kegeln, H\u00fcpfburg und vieles mehr.<\/p>\n<div id=\"attachment_925\" style=\"width: 617px\" class=\"wp-caption alignnone\"><a href=\"https:\/\/www.grundschule-heidgarten.de\/public_html\/wp-content\/uploads\/Schulfest-2013-waz-21.6.13.jpg\"><img loading=\"lazy\" decoding=\"async\" aria-describedby=\"caption-attachment-925\" class=\"size-full wp-image-925\" alt=\"Sommerfest, waz 21.6.2013\" src=\"https:\/\/www.grundschule-heidgarten.de\/public_html\/wp-content\/uploads\/Schulfest-2013-waz-21.6.13.jpg\" width=\"607\" height=\"578\" srcset=\"https:\/\/www.grundschule-heidgarten.de\/public_html\/wp-content\/uploads\/Schulfest-2013-waz-21.6.13.jpg 607w, https:\/\/www.grundschule-heidgarten.de\/public_html\/wp-content\/uploads\/Schulfest-2013-waz-21.6.13-300x285.jpg 300w\" sizes=\"auto, (max-width: 607px) 100vw, 607px\" \/><\/a><p id=\"caption-attachment-925\" class=\"wp-caption-text\">Sommerfest, waz 21.6.2013<\/p><\/div>\n<p>&nbsp;<\/p>\n<div id=\"attachment_921\" style=\"width: 618px\" class=\"wp-caption alignnone\"><img loading=\"lazy\" decoding=\"async\" aria-describedby=\"caption-attachment-921\" class=\"size-full wp-image-921\" alt=\"Sommerfest 2013\" src=\"https:\/\/www.grundschule-heidgarten.de\/public_html\/wp-content\/uploads\/schulfest.jpg\" width=\"608\" height=\"401\" srcset=\"https:\/\/www.grundschule-heidgarten.de\/public_html\/wp-content\/uploads\/schulfest.jpg 608w, https:\/\/www.grundschule-heidgarten.de\/public_html\/wp-content\/uploads\/schulfest-300x197.jpg 300w\" sizes=\"auto, (max-width: 608px) 100vw, 608px\" \/><p id=\"caption-attachment-921\" class=\"wp-caption-text\">Sommerfest 2013<\/p><\/div>\n<p><strong>Proben f\u00fcr die Einschulungsfeier<\/strong><\/p>\n<p>&#8222;Die Geschichte vom Eichh\u00f6rnchen, das nicht lesen konnte&#8220;<br \/>\nOb das Eichh\u00f6rnchen endlich lesen lernt, das erfahren die Schulanf\u00e4nger am Tag der Einschulung am<br \/>\nSonnabend, dem 10.8.2013.<br \/>\nJedenfalls wird seit mehreren Wochen f\u00fcr das Einschulungsst\u00fcck geprobt, gebastelt und gesungen und die Kinder d\u00fcrfen sich freuen, wenn sie das Eichh\u00f6rnchen zum Maulwurf, zur Schnecke, zum Igel, zu den Bienen und zum wilden Drachen begleiten d\u00fcrfen.<br \/>\nGeneralprobe war am letzen Schultag zur Verabschiedung der Klasse 4. Ein buntes Begleitprogramm entlie\u00df die Sch\u00fcler dann in die Ferien.<\/p>\n<p><img loading=\"lazy\" decoding=\"async\" class=\"alignnone size-full wp-image-979\" alt=\"Eich\u00f6rnchen 3x\" src=\"https:\/\/www.grundschule-heidgarten.de\/public_html\/wp-content\/uploads\/Eich\u00f6rnchen-3x.jpg\" width=\"601\" height=\"150\" srcset=\"https:\/\/www.grundschule-heidgarten.de\/public_html\/wp-content\/uploads\/Eich\u00f6rnchen-3x.jpg 601w, https:\/\/www.grundschule-heidgarten.de\/public_html\/wp-content\/uploads\/Eich\u00f6rnchen-3x-300x74.jpg 300w\" sizes=\"auto, (max-width: 601px) 100vw, 601px\" \/><\/p>\n<p>&nbsp;<\/p>\n<p><strong>Rosenmontagsfeier 2013<\/strong><\/p>\n<p>Rosenmontag 2013 in der Heidgartenschule.\u00a0Bezaubernde Baucht\u00e4nzerinnen, Hawaim\u00e4dchen, elegante Damen mit High Heels, aber auch fantasievolle Piraten, Marienk\u00e4fer, Pandab\u00e4ren, H\u00fcter des Gesetzes und wilde Tiger tollten durch die Pausenhalle. Dank der flei\u00dfigen Mithilfe der Eltern lie\u00dfen es sich die kleinen Narren und N\u00e4rrinnen nicht nur in ihren bunten Kost\u00fcmen sondern auch bei leckeren Kuchen, belegten Br\u00f6tchen, Salaten und vielerlei Naschwerk gut gehen. Die mit Girlanden geschm\u00fcckten Klassen unterstrichen das lustige Faschingstreiben und die gute Laune.<\/p>\n<p><strong><img loading=\"lazy\" decoding=\"async\" class=\"size-full wp-image-439 aligncenter\" alt=\"rosenmontag_2013\" src=\"wp-content\/uploads\/rosenmontag_2013.jpg\" width=\"567\" height=\"219\" srcset=\"https:\/\/www.grundschule-heidgarten.de\/public_html\/wp-content\/uploads\/rosenmontag_2013.jpg 567w, https:\/\/www.grundschule-heidgarten.de\/public_html\/wp-content\/uploads\/rosenmontag_2013-300x115.jpg 300w\" sizes=\"auto, (max-width: 567px) 100vw, 567px\" \/><br \/>\nWeihnachtsfeier<br \/>\n<\/strong>Jedes Jahr im Dezember veranstalten wir eine Weihnachsfeier mit Darbietungen der einzelnen Klassen.<\/p>\n<p><img loading=\"lazy\" decoding=\"async\" class=\"alignnone size-full wp-image-275\" alt=\"weihnachtsfeier_2012_kl\" src=\"wp-content\/uploads\/weihnachtsfeier_2012_kl.jpg\" width=\"141\" height=\"106\" \/><\/p>\n<p><strong><\/strong><strong>Traditioneller Weihnachtsbasar<\/strong><br \/>\nAllj\u00e4hrlich in der Adventszeit bieten Sch\u00fcler aller Klassen in der Pausenhalle ihre Weihnachtsbasteleien an. Eltern, Verwandte und Interessierte sind herzlich eingeladen.<\/p>\n<p><img loading=\"lazy\" decoding=\"async\" class=\"alignnone size-medium wp-image-1582\" alt=\"weihnachtsbasar 2\" src=\"https:\/\/www.grundschule-heidgarten.de\/public_html\/wp-content\/uploads\/weihnachtsbasar-2-300x225.jpg\" width=\"300\" height=\"225\" srcset=\"https:\/\/www.grundschule-heidgarten.de\/public_html\/wp-content\/uploads\/weihnachtsbasar-2-300x225.jpg 300w, https:\/\/www.grundschule-heidgarten.de\/public_html\/wp-content\/uploads\/weihnachtsbasar-2.jpg 600w\" sizes=\"auto, (max-width: 300px) 100vw, 300px\" \/><br \/>\n<strong><\/strong><\/p>\n","protected":false},"excerpt":{"rendered":"<p>Sommerfest am 24.7.2014 Faschingsfeier 2014 &#8222;Zebrastreifen, was gibt es sch\u00f6n&#8217;res auf der Welt! &#8220; Die Giraffen sind da etwas anderer Meinung: &#8222;Punkte sind cool, ja sie sind der Hit!&#8220; Aber muss man deshalb gleich in Streit geraten? In der Rosenmontagsauff\u00fchrung am Montag, dem 3.3.2014 ging es hoch her , als <span class=\"ellipsis\">&hellip;<\/span> <span class=\"more-link-wrap\"><a href=\"https:\/\/www.grundschule-heidgarten.de\/public_html\/?page_id=204\" class=\"more-link\"><span>Read more &rarr;<\/span><\/a><\/span><\/p>\n","protected":false},"author":21,"featured_media":0,"parent":123,"menu_order":2,"comment_status":"closed","ping_status":"closed","template":"","meta":{"footnotes":""},"class_list":["post-204","page","type-page","status-publish","hentry"],"_links":{"self":[{"href":"https:\/\/www.grundschule-heidgarten.de\/public_html\/index.php?rest_route=\/wp\/v2\/pages\/204","targetHints":{"allow":["GET"]}}],"collection":[{"href":"https:\/\/www.grundschule-heidgarten.de\/public_html\/index.php?rest_route=\/wp\/v2\/pages"}],"about":[{"href":"https:\/\/www.grundschule-heidgarten.de\/public_html\/index.php?rest_route=\/wp\/v2\/types\/page"}],"author":[{"embeddable":true,"href":"https:\/\/www.grundschule-heidgarten.de\/public_html\/index.php?rest_route=\/wp\/v2\/users\/21"}],"replies":[{"embeddable":true,"href":"https:\/\/www.grundschule-heidgarten.de\/public_html\/index.php?rest_route=%2Fwp%2Fv2%2Fcomments&post=204"}],"version-history":[{"count":33,"href":"https:\/\/www.grundschule-heidgarten.de\/public_html\/index.php?rest_route=\/wp\/v2\/pages\/204\/revisions"}],"predecessor-version":[{"id":1890,"href":"https:\/\/www.grundschule-heidgarten.de\/public_html\/index.php?rest_route=\/wp\/v2\/pages\/204\/revisions\/1890"}],"up":[{"embeddable":true,"href":"https:\/\/www.grundschule-heidgarten.de\/public_html\/index.php?rest_route=\/wp\/v2\/pages\/123"}],"wp:attachment":[{"href":"https:\/\/www.grundschule-heidgarten.de\/public_html\/index.php?rest_route=%2Fwp%2Fv2%2Fmedia&parent=204"}],"curies":[{"name":"wp","href":"https:\/\/api.w.org\/{rel}","templated":true}]}}