{"id":33,"date":"2012-11-14T15:11:12","date_gmt":"2012-11-14T13:11:12","guid":{"rendered":"http:\/\/www.grundschule-heidgarten.de\/public_html\/?page_id=33"},"modified":"2017-04-01T21:24:53","modified_gmt":"2017-04-01T19:24:53","slug":"eltern","status":"publish","type":"page","link":"https:\/\/www.grundschule-heidgarten.de\/public_html\/?page_id=33","title":{"rendered":"Eltern"},"content":{"rendered":"<p><strong>Informationen \u00fcber bzw. f\u00fcr Eltern der Grundschule Heidgarten.<\/strong><\/p>\n<p><a title=\"Elternarbeit\" href=\"https:\/\/www.grundschule-heidgarten.de\/public_html\/?page_id=223\">Elternarbeit<\/a><\/p>\n<p><a title=\"Elternf\u00f6rderkreis\" href=\"https:\/\/www.grundschule-heidgarten.de\/public_html\/?page_id=225\">Elternf\u00f6rderkreis<\/a><\/p>\n","protected":false},"excerpt":{"rendered":"<p>Informationen \u00fcber bzw. f\u00fcr Eltern der Grundschule Heidgarten. Elternarbeit Elternf\u00f6rderkreis<\/p>\n","protected":false},"author":21,"featured_media":0,"parent":0,"menu_order":5,"comment_status":"closed","ping_status":"closed","template":"","meta":{"footnotes":""},"class_list":["post-33","page","type-page","status-publish","hentry"],"_links":{"self":[{"href":"https:\/\/www.grundschule-heidgarten.de\/public_html\/index.php?rest_route=\/wp\/v2\/pages\/33","targetHints":{"allow":["GET"]}}],"collection":[{"href":"https:\/\/www.grundschule-heidgarten.de\/public_html\/index.php?rest_route=\/wp\/v2\/pages"}],"about":[{"href":"https:\/\/www.grundschule-heidgarten.de\/public_html\/index.php?rest_route=\/wp\/v2\/types\/page"}],"author":[{"embeddable":true,"href":"https:\/\/www.grundschule-heidgarten.de\/public_html\/index.php?rest_route=\/wp\/v2\/users\/21"}],"replies":[{"embeddable":true,"href":"https:\/\/www.grundschule-heidgarten.de\/public_html\/index.php?rest_route=%2Fwp%2Fv2%2Fcomments&post=33"}],"version-history":[{"count":7,"href":"https:\/\/www.grundschule-heidgarten.de\/public_html\/index.php?rest_route=\/wp\/v2\/pages\/33\/revisions"}],"predecessor-version":[{"id":4049,"href":"https:\/\/www.grundschule-heidgarten.de\/public_html\/index.php?rest_route=\/wp\/v2\/pages\/33\/revisions\/4049"}],"wp:attachment":[{"href":"https:\/\/www.grundschule-heidgarten.de\/public_html\/index.php?rest_route=%2Fwp%2Fv2%2Fmedia&parent=33"}],"curies":[{"name":"wp","href":"https:\/\/api.w.org\/{rel}","templated":true}]}}