{"id":38,"date":"2012-11-14T15:12:32","date_gmt":"2012-11-14T13:12:32","guid":{"rendered":"http:\/\/www.grundschule-heidgarten.de\/public_html\/?page_id=38"},"modified":"2026-02-19T10:57:02","modified_gmt":"2026-02-19T08:57:02","slug":"vordrucke","status":"publish","type":"page","link":"https:\/\/www.grundschule-heidgarten.de\/public_html\/?page_id=38","title":{"rendered":"Formulare: Schulverpflegung an der Heidgartenschule"},"content":{"rendered":"<p><span style=\"color: #ff0000;\"><strong>Schulverpflegung an der Heidgartenschule:<\/strong><\/span><\/p>\n<p>Liebe Eltern, unter den angef\u00fchrten Links k\u00f6nnen sie die Formulare f\u00fcr die Schulverpflegung der Stadt Wolfsburg herunterladen.<\/p>\n<p><a href=\"https:\/\/www.grundschule-heidgarten.de\/public_html\/wp-content\/uploads\/GS_Anmeldung_SJ_2025_2026.pdf\">GS_Anmeldung_SJ_2025_2026<\/a><\/p>\n<p><a href=\"https:\/\/www.grundschule-heidgarten.de\/public_html\/wp-content\/uploads\/GS_\u00c4nderung_u_Abmeldung_Schulverpfl_SJ_2025_2026.pdf\">GS_\u00c4nderung_u_Abmeldung_Schulverpfl_SJ_2025_2026<\/a><\/p>\n","protected":false},"excerpt":{"rendered":"<p>Schulverpflegung an der Heidgartenschule: Liebe Eltern, unter den angef\u00fchrten Links k\u00f6nnen sie die Formulare f\u00fcr die Schulverpflegung der Stadt Wolfsburg herunterladen. GS_Anmeldung_SJ_2025_2026 GS_\u00c4nderung_u_Abmeldung_Schulverpfl_SJ_2025_2026<\/p>\n","protected":false},"author":21,"featured_media":0,"parent":0,"menu_order":7,"comment_status":"closed","ping_status":"closed","template":"","meta":{"footnotes":""},"class_list":["post-38","page","type-page","status-publish","hentry"],"_links":{"self":[{"href":"https:\/\/www.grundschule-heidgarten.de\/public_html\/index.php?rest_route=\/wp\/v2\/pages\/38","targetHints":{"allow":["GET"]}}],"collection":[{"href":"https:\/\/www.grundschule-heidgarten.de\/public_html\/index.php?rest_route=\/wp\/v2\/pages"}],"about":[{"href":"https:\/\/www.grundschule-heidgarten.de\/public_html\/index.php?rest_route=\/wp\/v2\/types\/page"}],"author":[{"embeddable":true,"href":"https:\/\/www.grundschule-heidgarten.de\/public_html\/index.php?rest_route=\/wp\/v2\/users\/21"}],"replies":[{"embeddable":true,"href":"https:\/\/www.grundschule-heidgarten.de\/public_html\/index.php?rest_route=%2Fwp%2Fv2%2Fcomments&post=38"}],"version-history":[{"count":22,"href":"https:\/\/www.grundschule-heidgarten.de\/public_html\/index.php?rest_route=\/wp\/v2\/pages\/38\/revisions"}],"predecessor-version":[{"id":6777,"href":"https:\/\/www.grundschule-heidgarten.de\/public_html\/index.php?rest_route=\/wp\/v2\/pages\/38\/revisions\/6777"}],"wp:attachment":[{"href":"https:\/\/www.grundschule-heidgarten.de\/public_html\/index.php?rest_route=%2Fwp%2Fv2%2Fmedia&parent=38"}],"curies":[{"name":"wp","href":"https:\/\/api.w.org\/{rel}","templated":true}]}}