{"id":40,"date":"2012-11-14T15:13:14","date_gmt":"2012-11-14T13:13:14","guid":{"rendered":"http:\/\/www.grundschule-heidgarten.de\/public_html\/?page_id=40"},"modified":"2019-08-28T15:36:34","modified_gmt":"2019-08-28T13:36:34","slug":"kontaktimpressum","status":"publish","type":"page","link":"https:\/\/www.grundschule-heidgarten.de\/public_html\/?page_id=40","title":{"rendered":"Impressum"},"content":{"rendered":"<p><strong>Offene Ganztagsgrundschule Heidgarten-Vorsfelde<\/strong><\/p>\n<p>Die Offene Ganztagsgrundschule Heidgarten-Vorsfelde wird vertreten durch die Schulleitung: Michael Rodowsky<\/p>\n<p><strong>Postanschrift:<\/p>\n<p>Zum Heidgarten 42<br \/>\n38448 Wolfsburg<\/strong><\/p>\n<p><strong>Telefon:<\/strong><br \/>\nSchulsekretariat: (05363) 97 68 4 \u2013 0<br \/>\nSchulleitung: (05363) 97 68 4 \u2013 12<br \/>\nGanztagskoordinatorin: (05363) 97 68 4 \u2013 21<br \/>\nTelefax: (05363) 97 68 4 &#8211; 18<\/p>\n<p>E-Mail: heidgartenschule@wolfsburg.de<br \/>\nInternet: <a href=\"http:\/\/www.grundschule-heidgarten.de\">www.grundschule-heidgarten.de<\/a><\/p>\n<p><strong>Abenteuerspielplatz Buntspecht<\/strong><br \/>\nHerrmann-L\u00f6ns-Stra\u00dfe 2a<br \/>\n38448 Wolfsburg<br \/>\nTelefon: (05363) 3 02 21 &#8211; <em>Mo. \u2013 Fr., 10.00 \u2013 18.00 Uhr<\/em><br \/>\nTelefax: (05363) 80 03 85<\/p>\n<p>E-Mail:<br \/>\n<a href=\"mailto:abenteuerspielpatz@stadt.wolfsburg.de\">abenteuerspielpatz@stadt.wolfsburg.de<\/a><\/p>\n<p><strong>Verantwortlichkeit:<\/strong><br \/>\nDer als Webmaster bezeichnete Benutzer dieser Website ist kein offizieller Vertreter des Website-Anbieters, sondern lediglich Benutzer, dem weitergehende technische M\u00f6glichkeiten einger\u00e4umt wurden. Diese Person ist nicht f\u00fcr den Inhalt dieser Website verantwortlich.<\/p>\n<p><strong>Haftungsausschluss:<\/strong><br \/>\nDie Autoren und Verantwortlichen dieser Website \u00fcbernehmen keine Haftung f\u00fcr den Inhalt der ver\u00f6ffentlichten Artikel, insbesondere im Hinblick auf Richtigkeit, Aktualit\u00e4t und Vollst\u00e4ndigkeit der zur Verf\u00fcgung gestellten Informationen. Die Geltendmachung von Anspr\u00fcchen jeglicher Art ist ausgeschlossen.<\/p>\n","protected":false},"excerpt":{"rendered":"<p>Offene Ganztagsgrundschule Heidgarten-Vorsfelde Die Offene Ganztagsgrundschule Heidgarten-Vorsfelde wird vertreten durch die Schulleitung: Michael Rodowsky Postanschrift: Zum Heidgarten 42 38448 Wolfsburg Telefon: Schulsekretariat: (05363) 97 68 4 \u2013 0 Schulleitung: (05363) 97 68 4 \u2013 12 Ganztagskoordinatorin: (05363) 97 68 4 \u2013 21 Telefax: (05363) 97 68 4 &#8211; 18 E-Mail: <span class=\"ellipsis\">&hellip;<\/span> <span class=\"more-link-wrap\"><a href=\"https:\/\/www.grundschule-heidgarten.de\/public_html\/?page_id=40\" class=\"more-link\"><span>Read more &rarr;<\/span><\/a><\/span><\/p>\n","protected":false},"author":21,"featured_media":0,"parent":0,"menu_order":9,"comment_status":"closed","ping_status":"closed","template":"","meta":{"footnotes":""},"class_list":["post-40","page","type-page","status-publish","hentry"],"_links":{"self":[{"href":"https:\/\/www.grundschule-heidgarten.de\/public_html\/index.php?rest_route=\/wp\/v2\/pages\/40","targetHints":{"allow":["GET"]}}],"collection":[{"href":"https:\/\/www.grundschule-heidgarten.de\/public_html\/index.php?rest_route=\/wp\/v2\/pages"}],"about":[{"href":"https:\/\/www.grundschule-heidgarten.de\/public_html\/index.php?rest_route=\/wp\/v2\/types\/page"}],"author":[{"embeddable":true,"href":"https:\/\/www.grundschule-heidgarten.de\/public_html\/index.php?rest_route=\/wp\/v2\/users\/21"}],"replies":[{"embeddable":true,"href":"https:\/\/www.grundschule-heidgarten.de\/public_html\/index.php?rest_route=%2Fwp%2Fv2%2Fcomments&post=40"}],"version-history":[{"count":20,"href":"https:\/\/www.grundschule-heidgarten.de\/public_html\/index.php?rest_route=\/wp\/v2\/pages\/40\/revisions"}],"predecessor-version":[{"id":4736,"href":"https:\/\/www.grundschule-heidgarten.de\/public_html\/index.php?rest_route=\/wp\/v2\/pages\/40\/revisions\/4736"}],"wp:attachment":[{"href":"https:\/\/www.grundschule-heidgarten.de\/public_html\/index.php?rest_route=%2Fwp%2Fv2%2Fmedia&parent=40"}],"curies":[{"name":"wp","href":"https:\/\/api.w.org\/{rel}","templated":true}]}}