{"id":514,"date":"2013-03-19T11:45:15","date_gmt":"2013-03-19T09:45:15","guid":{"rendered":"http:\/\/www.grundschule-heidgarten.de\/public_html\/?page_id=514"},"modified":"2023-09-13T12:07:35","modified_gmt":"2023-09-13T10:07:35","slug":"unser-team","status":"publish","type":"page","link":"https:\/\/www.grundschule-heidgarten.de\/public_html\/?page_id=514","title":{"rendered":"Unser Team im Nachmittagsbereich"},"content":{"rendered":"<p><strong>Unser Ganztagsteam:<\/strong><\/p>\n<p><a href=\"https:\/\/www.grundschule-heidgarten.de\/public_html\/wp-content\/uploads\/Unser-GT-Team.jpg\"><img loading=\"lazy\" decoding=\"async\" class=\"alignnone size-medium wp-image-5869\" src=\"https:\/\/www.grundschule-heidgarten.de\/public_html\/wp-content\/uploads\/Unser-GT-Team-214x300.jpg\" alt=\"\" width=\"214\" height=\"300\" srcset=\"https:\/\/www.grundschule-heidgarten.de\/public_html\/wp-content\/uploads\/Unser-GT-Team-214x300.jpg 214w, https:\/\/www.grundschule-heidgarten.de\/public_html\/wp-content\/uploads\/Unser-GT-Team.jpg 319w\" sizes=\"auto, (max-width: 214px) 100vw, 214px\" \/><\/a><\/p>\n<p><strong>Claudia Mohadjer<\/strong> (Koordinatorin des Ganztages, Erzieherin, Moderatorin f\u00fcr Kinder- und Jugendpartizipation, psychop\u00e4d. Kindertherapeutin TM, Psychomotorin)<\/p>\n<p><strong>Svetlana Stroh <\/strong>(P\u00e4dagogische Mitarbeiterin, Schulp\u00e4dagogin und Ergotherapeutin)<\/p>\n<p><strong>Sina Wald\u00a0<\/strong>(P\u00e4dagogische Mitarbeiterin)<\/p>\n<p><strong>Brigitte Wohlgemuth\u00a0<\/strong>(P\u00e4dagogische Mitarbeiterin)<\/p>\n<p><strong>Marion Knorr-Nieger\u00a0<\/strong>(P\u00e4dagogische Assistentin)<\/p>\n<p>&nbsp;<\/p>\n<p><strong>B\u00fcro Ganztag:<\/strong><br \/>\nClaudia Mohadjer<\/p>\n<p><strong>Freiwilliges Soziales Jahr:<\/strong><br \/>\nN.N<\/p>\n<p><strong>Kooperationspartner:<\/strong><br \/>\nWSV- Wendschott (Tennisangebot),\u00a0 MTV Vorsfelde (Bewegungsangebote, Tanzen), Bromer Landfrauen (Kochen mit den Ganztagssch\u00fclern\/innen)<\/p>\n<p>&nbsp;<\/p>\n<h4><strong>Kooperationspartner f\u00fcr den Ganztagsbereich der OGGS Heidgarten ist der Abenteuerspielplatz BUNTSPECHT, GB JUGEND, Abteilung Jugendf\u00f6rderung<\/strong><\/h4>\n<p><img loading=\"lazy\" decoding=\"async\" class=\"alignnone size-full wp-image-553\" src=\"wp-content\/uploads\/buntspecht_logo_team.gif\" alt=\"buntspecht_logo_team\" width=\"338\" height=\"75\" \/><\/p>\n<p>&nbsp;<\/p>\n","protected":false},"excerpt":{"rendered":"<p>Unser Ganztagsteam: Claudia Mohadjer (Koordinatorin des Ganztages, Erzieherin, Moderatorin f\u00fcr Kinder- und Jugendpartizipation, psychop\u00e4d. Kindertherapeutin TM, Psychomotorin) Svetlana Stroh (P\u00e4dagogische Mitarbeiterin, Schulp\u00e4dagogin und Ergotherapeutin) Sina Wald\u00a0(P\u00e4dagogische Mitarbeiterin) Brigitte Wohlgemuth\u00a0(P\u00e4dagogische Mitarbeiterin) Marion Knorr-Nieger\u00a0(P\u00e4dagogische Assistentin) &nbsp; B\u00fcro Ganztag: Claudia Mohadjer Freiwilliges Soziales Jahr: N.N Kooperationspartner: WSV- Wendschott (Tennisangebot),\u00a0 MTV Vorsfelde (Bewegungsangebote, Tanzen), <span class=\"ellipsis\">&hellip;<\/span> <span class=\"more-link-wrap\"><a href=\"https:\/\/www.grundschule-heidgarten.de\/public_html\/?page_id=514\" class=\"more-link\"><span>Read more &rarr;<\/span><\/a><\/span><\/p>\n","protected":false},"author":21,"featured_media":0,"parent":24,"menu_order":1,"comment_status":"closed","ping_status":"closed","template":"","meta":{"footnotes":""},"class_list":["post-514","page","type-page","status-publish","hentry"],"_links":{"self":[{"href":"https:\/\/www.grundschule-heidgarten.de\/public_html\/index.php?rest_route=\/wp\/v2\/pages\/514","targetHints":{"allow":["GET"]}}],"collection":[{"href":"https:\/\/www.grundschule-heidgarten.de\/public_html\/index.php?rest_route=\/wp\/v2\/pages"}],"about":[{"href":"https:\/\/www.grundschule-heidgarten.de\/public_html\/index.php?rest_route=\/wp\/v2\/types\/page"}],"author":[{"embeddable":true,"href":"https:\/\/www.grundschule-heidgarten.de\/public_html\/index.php?rest_route=\/wp\/v2\/users\/21"}],"replies":[{"embeddable":true,"href":"https:\/\/www.grundschule-heidgarten.de\/public_html\/index.php?rest_route=%2Fwp%2Fv2%2Fcomments&post=514"}],"version-history":[{"count":59,"href":"https:\/\/www.grundschule-heidgarten.de\/public_html\/index.php?rest_route=\/wp\/v2\/pages\/514\/revisions"}],"predecessor-version":[{"id":6347,"href":"https:\/\/www.grundschule-heidgarten.de\/public_html\/index.php?rest_route=\/wp\/v2\/pages\/514\/revisions\/6347"}],"up":[{"embeddable":true,"href":"https:\/\/www.grundschule-heidgarten.de\/public_html\/index.php?rest_route=\/wp\/v2\/pages\/24"}],"wp:attachment":[{"href":"https:\/\/www.grundschule-heidgarten.de\/public_html\/index.php?rest_route=%2Fwp%2Fv2%2Fmedia&parent=514"}],"curies":[{"name":"wp","href":"https:\/\/api.w.org\/{rel}","templated":true}]}}