{"id":517,"date":"2013-03-19T11:47:34","date_gmt":"2013-03-19T09:47:34","guid":{"rendered":"http:\/\/www.grundschule-heidgarten.de\/public_html\/?page_id=517"},"modified":"2020-11-16T10:59:40","modified_gmt":"2020-11-16T08:59:40","slug":"bewegte-pause","status":"publish","type":"page","link":"https:\/\/www.grundschule-heidgarten.de\/public_html\/?page_id=517","title":{"rendered":"Bewegte Pause"},"content":{"rendered":"<h2><strong>\u00a0<a href=\"https:\/\/www.grundschule-heidgarten.de\/public_html\/wp-content\/uploads\/20200831_151655k.jpg\"><img loading=\"lazy\" decoding=\"async\" class=\"alignnone  wp-image-5446\" src=\"https:\/\/www.grundschule-heidgarten.de\/public_html\/wp-content\/uploads\/20200831_151655k-300x166.jpg\" alt=\"\" width=\"221\" height=\"122\" srcset=\"https:\/\/www.grundschule-heidgarten.de\/public_html\/wp-content\/uploads\/20200831_151655k-300x166.jpg 300w, https:\/\/www.grundschule-heidgarten.de\/public_html\/wp-content\/uploads\/20200831_151655k.jpg 376w\" sizes=\"auto, (max-width: 221px) 100vw, 221px\" \/>\u00a0\u00a0<\/a><a href=\"https:\/\/www.grundschule-heidgarten.de\/public_html\/wp-content\/uploads\/PSX_20201116_094554k.jpg\"><img loading=\"lazy\" decoding=\"async\" class=\"alignnone  wp-image-5447\" src=\"https:\/\/www.grundschule-heidgarten.de\/public_html\/wp-content\/uploads\/PSX_20201116_094554k.jpg\" alt=\"\" width=\"72\" height=\"123\" \/>\u00a0\u00a0<\/a><a href=\"https:\/\/www.grundschule-heidgarten.de\/public_html\/wp-content\/uploads\/20200831_151641k.jpg\"><img loading=\"lazy\" decoding=\"async\" class=\"alignnone  wp-image-5445\" src=\"https:\/\/www.grundschule-heidgarten.de\/public_html\/wp-content\/uploads\/20200831_151641k-300x164.jpg\" alt=\"\" width=\"223\" height=\"122\" srcset=\"https:\/\/www.grundschule-heidgarten.de\/public_html\/wp-content\/uploads\/20200831_151641k-300x164.jpg 300w, https:\/\/www.grundschule-heidgarten.de\/public_html\/wp-content\/uploads\/20200831_151641k.jpg 390w\" sizes=\"auto, (max-width: 223px) 100vw, 223px\" \/><\/a><\/strong><\/h2>\n<p>Innerhalb der <strong>\u00bbBewegten Pause\u00ab<\/strong>, die wir t\u00e4glich nach dem Mittagessen anbieten, nutzen die Kinder der Ganztagsbetreuung das nahegelegene Naturgel\u00e4nde des Abenteuerspielplatzes Buntspecht.<\/p>\n<p>Die <strong>\u00bbBewegte Pause\u00ab<\/strong> unterst\u00fctzt die Reformp\u00e4dagogik Maria Montessoris: \u00bbWo ich bin ist Freiheit\u00ab, in dem die Kinder in das <strong>\u00bbSelbstbestimmte Spiel\u00ab<\/strong> finden und sich ein Bild von der Welt machen k\u00f6nnen. Die naturwissenschaftlichen Grundkenntnisse, die die Kinder hier im allt\u00e4glichen Spiel erwerben, sind Voraussetzung f\u00fcr eine individuelle Entwicklung, die Welt kreativ mit zu gestalten. Allt\u00e4gliche Eindr\u00fccke und Erfahrungen, wie sich beispielsweise die Jahreszeiten innerhalb der Natur darstellen, bilden Erkenntnisse im Kind, die vielf\u00e4ltig erlebt und durch verschiedenste Eindr\u00fccke verinnerlicht werden.<\/p>\n<p>Die <strong>\u00bbBewegte Pause\u00ab<\/strong> regt die Kinder dazu an, die Ver\u00e4nderungen in der Natur mit eigenen Entwicklungsprozessen zu verbinden &#8211; so wie sie einen Zahnwechsel oder das Wachsen der eigenen K\u00f6rpergr\u00f6\u00dfe als einen von der Natur vorgegebenen Prozess bei sich selbst beobachten und erleben.<\/p>\n<p>&nbsp;<\/p>\n","protected":false},"excerpt":{"rendered":"<p>\u00a0\u00a0\u00a0\u00a0\u00a0 Innerhalb der \u00bbBewegten Pause\u00ab, die wir t\u00e4glich nach dem Mittagessen anbieten, nutzen die Kinder der Ganztagsbetreuung das nahegelegene Naturgel\u00e4nde des Abenteuerspielplatzes Buntspecht. Die \u00bbBewegte Pause\u00ab unterst\u00fctzt die Reformp\u00e4dagogik Maria Montessoris: \u00bbWo ich bin ist Freiheit\u00ab, in dem die Kinder in das \u00bbSelbstbestimmte Spiel\u00ab finden und sich ein Bild von <span class=\"ellipsis\">&hellip;<\/span> <span class=\"more-link-wrap\"><a href=\"https:\/\/www.grundschule-heidgarten.de\/public_html\/?page_id=517\" class=\"more-link\"><span>Read more &rarr;<\/span><\/a><\/span><\/p>\n","protected":false},"author":21,"featured_media":0,"parent":24,"menu_order":4,"comment_status":"closed","ping_status":"closed","template":"","meta":{"footnotes":""},"class_list":["post-517","page","type-page","status-publish","hentry"],"_links":{"self":[{"href":"https:\/\/www.grundschule-heidgarten.de\/public_html\/index.php?rest_route=\/wp\/v2\/pages\/517","targetHints":{"allow":["GET"]}}],"collection":[{"href":"https:\/\/www.grundschule-heidgarten.de\/public_html\/index.php?rest_route=\/wp\/v2\/pages"}],"about":[{"href":"https:\/\/www.grundschule-heidgarten.de\/public_html\/index.php?rest_route=\/wp\/v2\/types\/page"}],"author":[{"embeddable":true,"href":"https:\/\/www.grundschule-heidgarten.de\/public_html\/index.php?rest_route=\/wp\/v2\/users\/21"}],"replies":[{"embeddable":true,"href":"https:\/\/www.grundschule-heidgarten.de\/public_html\/index.php?rest_route=%2Fwp%2Fv2%2Fcomments&post=517"}],"version-history":[{"count":13,"href":"https:\/\/www.grundschule-heidgarten.de\/public_html\/index.php?rest_route=\/wp\/v2\/pages\/517\/revisions"}],"predecessor-version":[{"id":5452,"href":"https:\/\/www.grundschule-heidgarten.de\/public_html\/index.php?rest_route=\/wp\/v2\/pages\/517\/revisions\/5452"}],"up":[{"embeddable":true,"href":"https:\/\/www.grundschule-heidgarten.de\/public_html\/index.php?rest_route=\/wp\/v2\/pages\/24"}],"wp:attachment":[{"href":"https:\/\/www.grundschule-heidgarten.de\/public_html\/index.php?rest_route=%2Fwp%2Fv2%2Fmedia&parent=517"}],"curies":[{"name":"wp","href":"https:\/\/api.w.org\/{rel}","templated":true}]}}