{"id":520,"date":"2013-03-19T11:48:58","date_gmt":"2013-03-19T09:48:58","guid":{"rendered":"http:\/\/www.grundschule-heidgarten.de\/public_html\/?page_id=520"},"modified":"2020-06-15T12:26:06","modified_gmt":"2020-06-15T10:26:06","slug":"forder-und-hausaufgabenzeit","status":"publish","type":"page","link":"https:\/\/www.grundschule-heidgarten.de\/public_html\/?page_id=520","title":{"rendered":"F\u00f6rder- und Hausaufgabenzeit"},"content":{"rendered":"<p><a href=\"https:\/\/www.grundschule-heidgarten.de\/public_html\/wp-content\/uploads\/20160601_161556.jpg\"><img loading=\"lazy\" decoding=\"async\" class=\"alignnone wp-image-5105\" src=\"https:\/\/www.grundschule-heidgarten.de\/public_html\/wp-content\/uploads\/20160601_161556-300x169.jpg\" alt=\"\" width=\"156\" height=\"88\" srcset=\"https:\/\/www.grundschule-heidgarten.de\/public_html\/wp-content\/uploads\/20160601_161556-300x169.jpg 300w, https:\/\/www.grundschule-heidgarten.de\/public_html\/wp-content\/uploads\/20160601_161556.jpg 448w\" sizes=\"auto, (max-width: 156px) 100vw, 156px\" \/><\/a>\u00a0 <a href=\"https:\/\/www.grundschule-heidgarten.de\/public_html\/wp-content\/uploads\/20160609_161155.jpg\"><img loading=\"lazy\" decoding=\"async\" class=\"alignnone wp-image-5106\" src=\"https:\/\/www.grundschule-heidgarten.de\/public_html\/wp-content\/uploads\/20160609_161155-300x169.jpg\" alt=\"\" width=\"154\" height=\"87\" srcset=\"https:\/\/www.grundschule-heidgarten.de\/public_html\/wp-content\/uploads\/20160609_161155-300x169.jpg 300w, https:\/\/www.grundschule-heidgarten.de\/public_html\/wp-content\/uploads\/20160609_161155.jpg 448w\" sizes=\"auto, (max-width: 154px) 100vw, 154px\" \/><\/a>\u00a0 <a href=\"https:\/\/www.grundschule-heidgarten.de\/public_html\/wp-content\/uploads\/20160610_103347.jpg\"><img loading=\"lazy\" decoding=\"async\" class=\"alignnone wp-image-5107\" src=\"https:\/\/www.grundschule-heidgarten.de\/public_html\/wp-content\/uploads\/20160610_103347-300x169.jpg\" alt=\"\" width=\"156\" height=\"88\" srcset=\"https:\/\/www.grundschule-heidgarten.de\/public_html\/wp-content\/uploads\/20160610_103347-300x169.jpg 300w, https:\/\/www.grundschule-heidgarten.de\/public_html\/wp-content\/uploads\/20160610_103347.jpg 448w\" sizes=\"auto, (max-width: 156px) 100vw, 156px\" \/><\/a><\/p>\n<p>Im Bereich der F\u00f6rder- und Hausaufgabenzeit begleiten die P\u00e4dagogen\/innen die Ganztagssch\u00fcler\/innen bei der Erledigung ihrer Hausaufgaben. Es wird in den Klassenr\u00e4umen der Schule gearbeitet. Die Sch\u00fcler\/innen, die ihre Aufgaben erledigt haben, haben die Wahl, den anderen Mitsch\u00fclern\/innen bei den Hausaufgaben behilflich zu sein (Geschwisterlerneffekt) oder sich f\u00fcr F\u00f6rder- und Spielmaterialien zu entscheiden (Materialk\u00f6rbe der P\u00e4dagogen\/innen mit <a title=\"Montessori P\u00e4dagogik\" href=\"?page_id=533\">Montessori<\/a>-\/Spielmaterialien).<\/p>\n<p><a href=\"https:\/\/www.grundschule-heidgarten.de\/public_html\/wp-content\/uploads\/P1017513.jpg\">\u00a0 <\/a><a href=\"https:\/\/www.grundschule-heidgarten.de\/public_html\/wp-content\/uploads\/P1017509.jpg\"><img loading=\"lazy\" decoding=\"async\" class=\" wp-image-5109\" src=\"https:\/\/www.grundschule-heidgarten.de\/public_html\/wp-content\/uploads\/P1017509-225x300.jpg\" alt=\"\" width=\"122\" height=\"163\" srcset=\"https:\/\/www.grundschule-heidgarten.de\/public_html\/wp-content\/uploads\/P1017509-225x300.jpg 225w, https:\/\/www.grundschule-heidgarten.de\/public_html\/wp-content\/uploads\/P1017509.jpg 336w\" sizes=\"auto, (max-width: 122px) 100vw, 122px\" \/><\/a><a href=\"https:\/\/www.grundschule-heidgarten.de\/public_html\/wp-content\/uploads\/P1017513.jpg\">\u00a0 <\/a><a href=\"https:\/\/www.grundschule-heidgarten.de\/public_html\/wp-content\/uploads\/P1017507.jpg\"><img loading=\"lazy\" decoding=\"async\" class=\" wp-image-5112\" src=\"https:\/\/www.grundschule-heidgarten.de\/public_html\/wp-content\/uploads\/P1017507-300x225.jpg\" alt=\"\" width=\"217\" height=\"163\" srcset=\"https:\/\/www.grundschule-heidgarten.de\/public_html\/wp-content\/uploads\/P1017507-300x225.jpg 300w, https:\/\/www.grundschule-heidgarten.de\/public_html\/wp-content\/uploads\/P1017507.jpg 448w\" sizes=\"auto, (max-width: 217px) 100vw, 217px\" \/><\/a><a href=\"https:\/\/www.grundschule-heidgarten.de\/public_html\/wp-content\/uploads\/P1017513.jpg\">\u00a0\u00a0<\/a><a href=\"https:\/\/www.grundschule-heidgarten.de\/public_html\/wp-content\/uploads\/P1017513.jpg\"><img loading=\"lazy\" decoding=\"async\" class=\" wp-image-5110\" src=\"https:\/\/www.grundschule-heidgarten.de\/public_html\/wp-content\/uploads\/P1017513-225x300.jpg\" alt=\"\" width=\"123\" height=\"164\" srcset=\"https:\/\/www.grundschule-heidgarten.de\/public_html\/wp-content\/uploads\/P1017513-225x300.jpg 225w, https:\/\/www.grundschule-heidgarten.de\/public_html\/wp-content\/uploads\/P1017513.jpg 336w\" sizes=\"auto, (max-width: 123px) 100vw, 123px\" \/><\/a><\/p>\n<p>Die Lern- und Hausaufgabenzeit geht von 14.00 \u2013 14.45 Uhr.<\/p>\n","protected":false},"excerpt":{"rendered":"<p>\u00a0 \u00a0 Im Bereich der F\u00f6rder- und Hausaufgabenzeit begleiten die P\u00e4dagogen\/innen die Ganztagssch\u00fcler\/innen bei der Erledigung ihrer Hausaufgaben. Es wird in den Klassenr\u00e4umen der Schule gearbeitet. Die Sch\u00fcler\/innen, die ihre Aufgaben erledigt haben, haben die Wahl, den anderen Mitsch\u00fclern\/innen bei den Hausaufgaben behilflich zu sein (Geschwisterlerneffekt) oder sich f\u00fcr F\u00f6rder- <span class=\"ellipsis\">&hellip;<\/span> <span class=\"more-link-wrap\"><a href=\"https:\/\/www.grundschule-heidgarten.de\/public_html\/?page_id=520\" class=\"more-link\"><span>Read more &rarr;<\/span><\/a><\/span><\/p>\n","protected":false},"author":21,"featured_media":0,"parent":24,"menu_order":5,"comment_status":"closed","ping_status":"closed","template":"","meta":{"footnotes":""},"class_list":["post-520","page","type-page","status-publish","hentry"],"_links":{"self":[{"href":"https:\/\/www.grundschule-heidgarten.de\/public_html\/index.php?rest_route=\/wp\/v2\/pages\/520","targetHints":{"allow":["GET"]}}],"collection":[{"href":"https:\/\/www.grundschule-heidgarten.de\/public_html\/index.php?rest_route=\/wp\/v2\/pages"}],"about":[{"href":"https:\/\/www.grundschule-heidgarten.de\/public_html\/index.php?rest_route=\/wp\/v2\/types\/page"}],"author":[{"embeddable":true,"href":"https:\/\/www.grundschule-heidgarten.de\/public_html\/index.php?rest_route=\/wp\/v2\/users\/21"}],"replies":[{"embeddable":true,"href":"https:\/\/www.grundschule-heidgarten.de\/public_html\/index.php?rest_route=%2Fwp%2Fv2%2Fcomments&post=520"}],"version-history":[{"count":19,"href":"https:\/\/www.grundschule-heidgarten.de\/public_html\/index.php?rest_route=\/wp\/v2\/pages\/520\/revisions"}],"predecessor-version":[{"id":5111,"href":"https:\/\/www.grundschule-heidgarten.de\/public_html\/index.php?rest_route=\/wp\/v2\/pages\/520\/revisions\/5111"}],"up":[{"embeddable":true,"href":"https:\/\/www.grundschule-heidgarten.de\/public_html\/index.php?rest_route=\/wp\/v2\/pages\/24"}],"wp:attachment":[{"href":"https:\/\/www.grundschule-heidgarten.de\/public_html\/index.php?rest_route=%2Fwp%2Fv2%2Fmedia&parent=520"}],"curies":[{"name":"wp","href":"https:\/\/api.w.org\/{rel}","templated":true}]}}