{"id":77,"date":"2021-02-14T15:44:07","date_gmt":"2021-02-14T13:44:07","guid":{"rendered":"http:\/\/www.grundschule-heidgarten.de\/public_html\/?page_id=77"},"modified":"2025-11-12T15:28:42","modified_gmt":"2025-11-12T13:28:42","slug":"terminubersicht","status":"publish","type":"page","link":"https:\/\/www.grundschule-heidgarten.de\/public_html\/?page_id=77","title":{"rendered":"Termin-und Veranstaltungskalender 2025\/26"},"content":{"rendered":"<hr \/>\n<p><strong>Termin- und<\/strong> <strong>Veranstaltungskalender 2025\/26<\/strong><\/p>\n<hr \/>\n<p><img loading=\"lazy\" decoding=\"async\" class=\"alignleft wp-image-4285\" src=\"https:\/\/www.grundschule-heidgarten.de\/public_html\/wp-content\/uploads\/Bunte-H\u00e4nde.jpg\" alt=\"\" width=\"828\" height=\"250\" srcset=\"https:\/\/www.grundschule-heidgarten.de\/public_html\/wp-content\/uploads\/Bunte-H\u00e4nde.jpg 490w, https:\/\/www.grundschule-heidgarten.de\/public_html\/wp-content\/uploads\/Bunte-H\u00e4nde-300x91.jpg 300w\" sizes=\"auto, (max-width: 828px) 100vw, 828px\" \/><\/p>\n<p>&nbsp;<\/p>\n<p>&nbsp;<\/p>\n<p>&nbsp;<\/p>\n<p>&nbsp;<\/p>\n<p>&nbsp;<\/p>\n<p>&nbsp;<\/p>\n<p>&nbsp;<\/p>\n<p>&nbsp;<\/p>\n<hr \/>\n<p><strong>Monat November 2025<\/strong><\/p>\n<p><strong>\u00c4nderungen und Erg\u00e4nzungen sind kurzfristig m\u00f6glich !<\/strong><\/p>\n<p><strong>Elternratssitzung:<\/strong><br \/>\n<strong>Datum:<\/strong>03.11.2025<br \/>\n<strong>Uhrzeit:<\/strong> 18:00 Uhr<br \/>\n<strong>Ort:<\/strong> PC-Raum<br \/>\n<strong><br \/>\nElternsprechtage 2025<\/strong><\/p>\n<p><strong>Datum:<\/strong>\u00a018.11.2024 und 20.11.2024<br \/>\n<strong>Uhrzeit:<\/strong>\u00a0Individuelle Zeiten-bzw. Tage nach Terminvergabe<br \/>\n<strong>Ort:<\/strong>\u00a0Klassen- und Fachr\u00e4ume<\/p>\n<p><strong>Schulausflug ins Theater 2025<\/strong><br \/>\n<strong>Datum:<\/strong> 27.11.2024<br \/>\n<strong>Uhrzeit:<\/strong> 08:00 Uhr bis 13:00 Uhr<br \/>\n<strong>Ort:<\/strong> Scharoun- Theater<br \/>\n<strong>St\u00fcck:<\/strong> Urmel aus dem Eis<\/p>\n<p>&nbsp;<\/p>\n<p><strong>Monat Dezember 2025<\/strong><br \/>\n<strong>\u00c4nderungen und Erg\u00e4nzungen sind kurzfristig m\u00f6glich !<\/strong><\/p>\n<p><strong>Weihnachtsbasar 2025<\/strong><br \/>\n<strong>Datum:<\/strong>\u00a004.12.2024<br \/>\n<strong>Uhrzeit:<\/strong>\u00a015:00 Uhr bis 18:00 Uhr<br \/>\n<strong>Ort:<\/strong>\u00a0Schulaula<\/p>\n<p>&nbsp;<\/p>\n<p>&nbsp;<\/p>\n","protected":false},"excerpt":{"rendered":"<p>Termin- und Veranstaltungskalender 2025\/26 &nbsp; &nbsp; &nbsp; &nbsp; &nbsp; &nbsp; &nbsp; &nbsp; Monat November 2025 \u00c4nderungen und Erg\u00e4nzungen sind kurzfristig m\u00f6glich ! Elternratssitzung: Datum:03.11.2025 Uhrzeit: 18:00 Uhr Ort: PC-Raum Elternsprechtage 2025 Datum:\u00a018.11.2024 und 20.11.2024 Uhrzeit:\u00a0Individuelle Zeiten-bzw. Tage nach Terminvergabe Ort:\u00a0Klassen- und Fachr\u00e4ume Schulausflug ins Theater 2025 Datum: 27.11.2024 Uhrzeit: 08:00 <span class=\"ellipsis\">&hellip;<\/span> <span class=\"more-link-wrap\"><a href=\"https:\/\/www.grundschule-heidgarten.de\/public_html\/?page_id=77\" class=\"more-link\"><span>Read more &rarr;<\/span><\/a><\/span><\/p>\n","protected":false},"author":21,"featured_media":0,"parent":0,"menu_order":0,"comment_status":"closed","ping_status":"closed","template":"","meta":{"footnotes":""},"class_list":["post-77","page","type-page","status-publish","hentry"],"_links":{"self":[{"href":"https:\/\/www.grundschule-heidgarten.de\/public_html\/index.php?rest_route=\/wp\/v2\/pages\/77","targetHints":{"allow":["GET"]}}],"collection":[{"href":"https:\/\/www.grundschule-heidgarten.de\/public_html\/index.php?rest_route=\/wp\/v2\/pages"}],"about":[{"href":"https:\/\/www.grundschule-heidgarten.de\/public_html\/index.php?rest_route=\/wp\/v2\/types\/page"}],"author":[{"embeddable":true,"href":"https:\/\/www.grundschule-heidgarten.de\/public_html\/index.php?rest_route=\/wp\/v2\/users\/21"}],"replies":[{"embeddable":true,"href":"https:\/\/www.grundschule-heidgarten.de\/public_html\/index.php?rest_route=%2Fwp%2Fv2%2Fcomments&post=77"}],"version-history":[{"count":574,"href":"https:\/\/www.grundschule-heidgarten.de\/public_html\/index.php?rest_route=\/wp\/v2\/pages\/77\/revisions"}],"predecessor-version":[{"id":6693,"href":"https:\/\/www.grundschule-heidgarten.de\/public_html\/index.php?rest_route=\/wp\/v2\/pages\/77\/revisions\/6693"}],"wp:attachment":[{"href":"https:\/\/www.grundschule-heidgarten.de\/public_html\/index.php?rest_route=%2Fwp%2Fv2%2Fmedia&parent=77"}],"curies":[{"name":"wp","href":"https:\/\/api.w.org\/{rel}","templated":true}]}}